{"id":605448,"date":"2025-07-17T19:43:04","date_gmt":"2025-07-17T17:43:04","guid":{"rendered":"https:\/\/lucacastelli.com\/prodotto\/milwaukee-kompakte-torpedo-wasserwaage\/"},"modified":"2025-07-17T19:43:04","modified_gmt":"2025-07-17T17:43:04","slug":"milwaukee-kompakte-torpedo-wasserwaage","status":"publish","type":"product","link":"https:\/\/lucacastelli.com\/de\/produkt\/milwaukee-kompakte-torpedo-wasserwaage\/","title":{"rendered":"Milwaukee Kompakte Torpedo-Wasserwaage"},"content":{"rendered":"<p>Verst\u00e4rkte Seltene-Erden-Magnete f\u00fcr erh\u00f6hten magnetischen Widerstand;Gro\u00dfe Sichtblase mit Neigungsanzeige;Verst\u00e4rkte Acrylk\u00fcvette bietet maximale Haltbarkeit und Ablesbarkeit;Ausgleichsschlaufe f\u00fcr einfache Messungen an geschwei\u00dften Rohrverbindungen;Optimiertes V-f\u00f6rmiges Design f\u00fcr maximale Stabilit\u00e4t an Nichteisenrohren;Lasergedruckte metrische Skala f\u00fcr einfache Materialmessung;Kompaktes, konisches Design f\u00fcr einfache Aufbewahrung in Taschen und Werkzeugk\u00e4sten<\/p>\n","protected":false},"excerpt":{"rendered":"<p>Verst\u00e4rkte Seltene-Erden-Magnete f\u00fcr erh\u00f6hten magnetischen Widerstand;Gro\u00dfe Sichtblase mit Neigungsanzeige;Verst\u00e4rkte Acrylk\u00fcvette bietet maximale Haltbarkeit und Ablesbarkeit;Ausgleichsschlaufe f\u00fcr einfache Messungen an geschwei\u00dften<\/p>\n","protected":false},"featured_media":498843,"template":"","meta":{"_seopress_robots_primary_cat":"","_seopress_titles_title":"","_seopress_titles_desc":"","_seopress_robots_index":""},"product_brand":[3407],"product_cat":[29,551],"product_tag":[3270],"class_list":{"0":"post-605448","1":"product","2":"type-product","3":"status-publish","4":"has-post-thumbnail","6":"product_brand-milwaukee","7":"product_cat-macchinari","8":"product_cat-apparecchi-di-misurazione","9":"product_tag-import-milwau","10":"sws-gruppo-macchinari-de","11":"sws-conto-ricavi-merci-rivendita-macchinari-de","12":"sws-gruppo-iva-iva81-de","14":"first","15":"onbackorder","16":"sale","17":"shipping-taxable","18":"purchasable","19":"product-type-simple"},"_links":{"self":[{"href":"https:\/\/lucacastelli.com\/de\/wp-json\/wp\/v2\/product\/605448","targetHints":{"allow":["GET"]}}],"collection":[{"href":"https:\/\/lucacastelli.com\/de\/wp-json\/wp\/v2\/product"}],"about":[{"href":"https:\/\/lucacastelli.com\/de\/wp-json\/wp\/v2\/types\/product"}],"wp:featuredmedia":[{"embeddable":true,"href":"https:\/\/lucacastelli.com\/de\/wp-json\/wp\/v2\/media\/498843"}],"wp:attachment":[{"href":"https:\/\/lucacastelli.com\/de\/wp-json\/wp\/v2\/media?parent=605448"}],"wp:term":[{"taxonomy":"product_brand","embeddable":true,"href":"https:\/\/lucacastelli.com\/de\/wp-json\/wp\/v2\/product_brand?post=605448"},{"taxonomy":"product_cat","embeddable":true,"href":"https:\/\/lucacastelli.com\/de\/wp-json\/wp\/v2\/product_cat?post=605448"},{"taxonomy":"product_tag","embeddable":true,"href":"https:\/\/lucacastelli.com\/de\/wp-json\/wp\/v2\/product_tag?post=605448"}],"curies":[{"name":"wp","href":"https:\/\/api.w.org\/{rel}","templated":true}]}}