{"id":605436,"date":"2025-07-17T19:43:00","date_gmt":"2025-07-17T17:43:00","guid":{"rendered":"https:\/\/lucacastelli.com\/prodotto\/milwaukee-trapezfoermige-wasserwaage-aus-druckguss\/"},"modified":"2025-07-17T19:43:00","modified_gmt":"2025-07-17T17:43:00","slug":"milwaukee-trapezfoermige-wasserwaage-aus-druckguss","status":"publish","type":"product","link":"https:\/\/lucacastelli.com\/de\/produkt\/milwaukee-trapezfoermige-wasserwaage-aus-druckguss\/","title":{"rendered":"Milwaukee Trapezf\u00f6rmige Wasserwaage aus Druckguss"},"content":{"rendered":"<p>2 Acryl-Libellen f\u00fcr maximale Schlag- und UV-Best\u00e4ndigkeit;Robuste Endkappen mit geriffelten Oberfl\u00e4chen f\u00fcr eine einfache Handhabung bei der Verwendung eines Hammers beim Verlegen von Fliesen;F\u00fchrungsl\u00f6cher f\u00fcr 5-12 mm Bohrer;Gefr\u00e4ste Oberfl\u00e4che f\u00fcr h\u00f6here Pr\u00e4zision in allen Positionen;Robuster Haken f\u00fcr eine einfache Aufbewahrung;Unabh\u00e4ngig zertifizierter Genauigkeitsgrad (VPA);Genauigkeit 0,029\u00b0( 0,0005Zoll\/in, 0,5mm\/M) in Standardposition<\/p>\n","protected":false},"excerpt":{"rendered":"<p>2 Acryl-Libellen f\u00fcr maximale Schlag- und UV-Best\u00e4ndigkeit;Robuste Endkappen mit geriffelten Oberfl\u00e4chen f\u00fcr eine einfache Handhabung bei der Verwendung eines Hammers<\/p>\n","protected":false},"featured_media":498880,"template":"","meta":{"_seopress_robots_primary_cat":"","_seopress_titles_title":"","_seopress_titles_desc":"","_seopress_robots_index":""},"product_brand":[3407],"product_cat":[29,551],"product_tag":[3270],"class_list":{"0":"post-605436","1":"product","2":"type-product","3":"status-publish","4":"has-post-thumbnail","6":"product_brand-milwaukee","7":"product_cat-macchinari","8":"product_cat-apparecchi-di-misurazione","9":"product_tag-import-milwau","10":"sws-gruppo-macchinari-de","11":"sws-conto-ricavi-merci-rivendita-macchinari-de","12":"sws-gruppo-iva-iva81-de","14":"first","15":"onbackorder","16":"sale","17":"shipping-taxable","18":"purchasable","19":"product-type-simple"},"_links":{"self":[{"href":"https:\/\/lucacastelli.com\/de\/wp-json\/wp\/v2\/product\/605436","targetHints":{"allow":["GET"]}}],"collection":[{"href":"https:\/\/lucacastelli.com\/de\/wp-json\/wp\/v2\/product"}],"about":[{"href":"https:\/\/lucacastelli.com\/de\/wp-json\/wp\/v2\/types\/product"}],"wp:featuredmedia":[{"embeddable":true,"href":"https:\/\/lucacastelli.com\/de\/wp-json\/wp\/v2\/media\/498880"}],"wp:attachment":[{"href":"https:\/\/lucacastelli.com\/de\/wp-json\/wp\/v2\/media?parent=605436"}],"wp:term":[{"taxonomy":"product_brand","embeddable":true,"href":"https:\/\/lucacastelli.com\/de\/wp-json\/wp\/v2\/product_brand?post=605436"},{"taxonomy":"product_cat","embeddable":true,"href":"https:\/\/lucacastelli.com\/de\/wp-json\/wp\/v2\/product_cat?post=605436"},{"taxonomy":"product_tag","embeddable":true,"href":"https:\/\/lucacastelli.com\/de\/wp-json\/wp\/v2\/product_tag?post=605436"}],"curies":[{"name":"wp","href":"https:\/\/api.w.org\/{rel}","templated":true}]}}