{"id":605398,"date":"2025-08-12T18:28:58","date_gmt":"2025-08-12T16:28:58","guid":{"rendered":"https:\/\/lucacastelli.com\/prodotto\/milwaukee-m12-thermojacke-camouflage\/"},"modified":"2025-08-12T18:28:58","modified_gmt":"2025-08-12T16:28:58","slug":"milwaukee-m12-thermojacke-camouflage","status":"publish","type":"product","link":"https:\/\/lucacastelli.com\/de\/produkt\/milwaukee-m12-thermojacke-camouflage\/","title":{"rendered":"Milwaukee M12\u2122 Thermojacke &#8211; Camouflage"},"content":{"rendered":"<p>M12HJCAMO6-0(L) KURBELGEH\u00c4USE<br \/>\nREALTREE XTRA\u2122 Tarnmuster;100% Stretch-Polyester-Material, das Ger\u00e4usche w\u00e4hrend der Bewegung reduziert;Kohlefaserzonen, gleichm\u00e4\u00dfig verteilte W\u00e4rme auf Brust und R\u00fccken und in den Vordertaschen;Hohe Autonomie: bis zu 8 Stunden W\u00e4rme mit einer Batterie (im niedrigen Modus mit 2.0 Ah);W\u00e4rmestufenregelung per Knopfdruck, 3 Modi: hohe, mittlere, niedrige Temperatur;FREE FLEX\u2122 Mobilit\u00e4t: zus\u00e4tzliches Material unter den Armen zur Erleichterung der Bewegung;Wasser- und windabweisend: garantiert Komfort und Widerstandsf\u00e4higkeit auch unter den extremsten Bedingungen;Neues Design der Batteriehalterung je nach Komfort in den Vorder- oder R\u00fcckentaschen positioniert;Verbessertes Design mit verl\u00e4ngertem R\u00fccken und verstellbarer Taille, um W\u00e4rmeverlust zu verhindern;M12\u2122-Akkuhalter mit USB-Eingang zum Aufladen deines Mobiltelefons;Gro\u00dfe Taschen und zus\u00e4tzliche Brusttasche, ideal zum Verstauen deines Mobiltelefons;Funktioniert mit allen Milwaukee M12\u2122-Akkus;Erh\u00e4ltlich in den Gr\u00f6\u00dfen S-M-L-XL-2XL-3XL;Maschinenwaschbar und trocknergeeignet<\/p>\n<p>4933479364<br \/>\n4058546371586<\/p>\n","protected":false},"excerpt":{"rendered":"<p>M12HJCAMO6-0(L) KURBELGEH\u00c4USE REALTREE XTRA\u2122 Tarnmuster;100% Stretch-Polyester-Material, das Ger\u00e4usche w\u00e4hrend der Bewegung reduziert;Kohlefaserzonen, gleichm\u00e4\u00dfig verteilte W\u00e4rme auf Brust und R\u00fccken und<\/p>\n","protected":false},"featured_media":604497,"template":"","meta":{"_seopress_robots_primary_cat":"none","_seopress_titles_title":"","_seopress_titles_desc":"","_seopress_robots_index":""},"product_brand":[3407],"product_cat":[21,284],"product_tag":[],"class_list":{"0":"post-605398","1":"product","2":"type-product","3":"status-publish","4":"has-post-thumbnail","6":"product_brand-milwaukee","7":"product_cat-abbigliamento","8":"product_cat-abbigliamento-da-lavoro","9":"sws-gruppo-abb-libero-de","10":"sws-conto-ricavi-merci-rivendita-abbigliamento-de","11":"sws-gruppo-iva-iva81-de","13":"first","14":"instock","15":"shipping-taxable","16":"purchasable","17":"product-type-variable","18":"has-default-attributes"},"_links":{"self":[{"href":"https:\/\/lucacastelli.com\/de\/wp-json\/wp\/v2\/product\/605398","targetHints":{"allow":["GET"]}}],"collection":[{"href":"https:\/\/lucacastelli.com\/de\/wp-json\/wp\/v2\/product"}],"about":[{"href":"https:\/\/lucacastelli.com\/de\/wp-json\/wp\/v2\/types\/product"}],"wp:featuredmedia":[{"embeddable":true,"href":"https:\/\/lucacastelli.com\/de\/wp-json\/wp\/v2\/media\/604497"}],"wp:attachment":[{"href":"https:\/\/lucacastelli.com\/de\/wp-json\/wp\/v2\/media?parent=605398"}],"wp:term":[{"taxonomy":"product_brand","embeddable":true,"href":"https:\/\/lucacastelli.com\/de\/wp-json\/wp\/v2\/product_brand?post=605398"},{"taxonomy":"product_cat","embeddable":true,"href":"https:\/\/lucacastelli.com\/de\/wp-json\/wp\/v2\/product_cat?post=605398"},{"taxonomy":"product_tag","embeddable":true,"href":"https:\/\/lucacastelli.com\/de\/wp-json\/wp\/v2\/product_tag?post=605398"}],"curies":[{"name":"wp","href":"https:\/\/api.w.org\/{rel}","templated":true}]}}