{"id":605359,"date":"2025-07-12T17:55:46","date_gmt":"2025-07-12T15:55:46","guid":{"rendered":"https:\/\/lucacastelli.com\/prodotto\/milwaukee-werkzeugtaschen\/"},"modified":"2026-04-17T23:16:31","modified_gmt":"2026-04-17T21:16:31","slug":"milwaukee-werkzeugtaschen","status":"publish","type":"product","link":"https:\/\/lucacastelli.com\/de\/produkt\/milwaukee-werkzeugtaschen\/","title":{"rendered":"MILWAUKEE Werkzeugtaschen"},"content":{"rendered":"<p>Robustes Material, strapazierf\u00e4higer Rei\u00dfverschluss, ideal zur Aufbewahrung von Werkzeugen und Zubeh\u00f6r<\/p>\n","protected":false},"excerpt":{"rendered":"<p>Robustes Material, strapazierf\u00e4higer Rei\u00dfverschluss, ideal zur Aufbewahrung von Werkzeugen und Zubeh\u00f6r<\/p>\n","protected":false},"featured_media":485738,"template":"","meta":{"_seopress_robots_primary_cat":"none","_seopress_titles_title":"","_seopress_titles_desc":"","_seopress_robots_index":""},"product_brand":[3656],"product_cat":[169,1535],"product_tag":[3272],"class_list":{"0":"post-605359","1":"product","2":"type-product","3":"status-publish","4":"has-post-thumbnail","6":"product_brand-milwaukee-de","7":"product_cat-maschinen","8":"product_cat-sagen","9":"product_tag-import-milwau-de","10":"sws-gruppo-macchinari-de","11":"sws-conto-ricavi-merci-rivendita-macchinari-de","12":"sws-gruppo-iva-iva81-de","14":"first","15":"instock","16":"shipping-taxable","17":"purchasable","18":"product-type-simple"},"_links":{"self":[{"href":"https:\/\/lucacastelli.com\/de\/wp-json\/wp\/v2\/product\/605359","targetHints":{"allow":["GET"]}}],"collection":[{"href":"https:\/\/lucacastelli.com\/de\/wp-json\/wp\/v2\/product"}],"about":[{"href":"https:\/\/lucacastelli.com\/de\/wp-json\/wp\/v2\/types\/product"}],"wp:featuredmedia":[{"embeddable":true,"href":"https:\/\/lucacastelli.com\/de\/wp-json\/wp\/v2\/media\/485738"}],"wp:attachment":[{"href":"https:\/\/lucacastelli.com\/de\/wp-json\/wp\/v2\/media?parent=605359"}],"wp:term":[{"taxonomy":"product_brand","embeddable":true,"href":"https:\/\/lucacastelli.com\/de\/wp-json\/wp\/v2\/product_brand?post=605359"},{"taxonomy":"product_cat","embeddable":true,"href":"https:\/\/lucacastelli.com\/de\/wp-json\/wp\/v2\/product_cat?post=605359"},{"taxonomy":"product_tag","embeddable":true,"href":"https:\/\/lucacastelli.com\/de\/wp-json\/wp\/v2\/product_tag?post=605359"}],"curies":[{"name":"wp","href":"https:\/\/api.w.org\/{rel}","templated":true}]}}