{"id":605356,"date":"2025-07-12T17:55:31","date_gmt":"2025-07-12T15:55:31","guid":{"rendered":"https:\/\/lucacastelli.com\/prodotto\/milwaukee-klemme-2\/"},"modified":"2025-07-12T17:55:31","modified_gmt":"2025-07-12T15:55:31","slug":"milwaukee-klemme-2","status":"publish","type":"product","link":"https:\/\/lucacastelli.com\/de\/produkt\/milwaukee-klemme-2\/","title":{"rendered":"MILWAUKEE Klemme"},"content":{"rendered":"<p>Umr\u00fcstsatz: Erm\u00f6glicht die Umr\u00fcstung von FIXTEC-Modellen auf Schl\u00fcsselmontage, f\u00fcr Universalmesser mit 1\/2-Zoll-Schaft<\/p>\n","protected":false},"excerpt":{"rendered":"<p>Umr\u00fcstsatz: Erm\u00f6glicht die Umr\u00fcstung von FIXTEC-Modellen auf Schl\u00fcsselmontage, f\u00fcr Universalmesser mit 1\/2-Zoll-Schaft<\/p>\n","protected":false},"featured_media":431726,"template":"","meta":{"_seopress_robots_primary_cat":"","_seopress_titles_title":"","_seopress_titles_desc":"","_seopress_robots_index":""},"product_brand":[3407],"product_cat":[29,558],"product_tag":[3270],"class_list":{"0":"post-605356","1":"product","2":"type-product","3":"status-publish","4":"has-post-thumbnail","6":"product_brand-milwaukee","7":"product_cat-macchinari","8":"product_cat-seghe-accessori-vari","9":"product_tag-import-milwau","10":"sws-gruppo-macchinari-de","11":"sws-conto-ricavi-merci-rivendita-macchinari-de","12":"sws-gruppo-iva-iva81-de","14":"first","15":"instock","16":"sale","17":"shipping-taxable","18":"purchasable","19":"product-type-simple"},"_links":{"self":[{"href":"https:\/\/lucacastelli.com\/de\/wp-json\/wp\/v2\/product\/605356","targetHints":{"allow":["GET"]}}],"collection":[{"href":"https:\/\/lucacastelli.com\/de\/wp-json\/wp\/v2\/product"}],"about":[{"href":"https:\/\/lucacastelli.com\/de\/wp-json\/wp\/v2\/types\/product"}],"wp:featuredmedia":[{"embeddable":true,"href":"https:\/\/lucacastelli.com\/de\/wp-json\/wp\/v2\/media\/431726"}],"wp:attachment":[{"href":"https:\/\/lucacastelli.com\/de\/wp-json\/wp\/v2\/media?parent=605356"}],"wp:term":[{"taxonomy":"product_brand","embeddable":true,"href":"https:\/\/lucacastelli.com\/de\/wp-json\/wp\/v2\/product_brand?post=605356"},{"taxonomy":"product_cat","embeddable":true,"href":"https:\/\/lucacastelli.com\/de\/wp-json\/wp\/v2\/product_cat?post=605356"},{"taxonomy":"product_tag","embeddable":true,"href":"https:\/\/lucacastelli.com\/de\/wp-json\/wp\/v2\/product_tag?post=605356"}],"curies":[{"name":"wp","href":"https:\/\/api.w.org\/{rel}","templated":true}]}}