{"id":605350,"date":"2025-07-12T17:55:31","date_gmt":"2025-07-12T15:55:31","guid":{"rendered":"https:\/\/lucacastelli.com\/prodotto\/milwaukee-bimetall-lochsaege-set-6\/"},"modified":"2025-07-12T17:55:31","modified_gmt":"2025-07-12T15:55:31","slug":"milwaukee-bimetall-lochsaege-set-6","status":"publish","type":"product","link":"https:\/\/lucacastelli.com\/de\/produkt\/milwaukee-bimetall-lochsaege-set-6\/","title":{"rendered":"Milwaukee Bimetall-Lochs\u00e4ge-Set"},"content":{"rendered":"<p>15 Z\u00e4hne pro Zoll: f\u00fcr sauberes Schneiden;0,6 mm Dicke: weniger Widerstand. 40% SCHNELLER;Optimiert f\u00fcr Stahl, Aluminium (max. 2 mm) und rostfreien Stahl (max. 1,5 mm);1\/4&#8243; Sechskantaufnahme. Kompatibel mit Schlagschraubern;Breite Schulter verhindert ein \u00dcbersinken;Bi-Metall-Konstruktion mit 8% Kobalt f\u00fcr Langlebigkeit und hohe Leistung;Integrierte Feder f\u00fcr automatischen Materialauswurf;Ideales Design f\u00fcr die Verwendung mit Akku-Schlagschraubern und mehr. Extrem einfaches Bohren mit einer Hand   <\/p>\n","protected":false},"excerpt":{"rendered":"<p>15 Z\u00e4hne pro Zoll: f\u00fcr sauberes Schneiden;0,6 mm Dicke: weniger Widerstand. 40% SCHNELLER;Optimiert f\u00fcr Stahl, Aluminium (max. 2 mm) und<\/p>\n","protected":false},"featured_media":485699,"template":"","meta":{"_seopress_robots_primary_cat":"","_seopress_titles_title":"","_seopress_titles_desc":"","_seopress_robots_index":""},"product_brand":[3407],"product_cat":[29,558],"product_tag":[3270],"class_list":{"0":"post-605350","1":"product","2":"type-product","3":"status-publish","4":"has-post-thumbnail","6":"product_brand-milwaukee","7":"product_cat-macchinari","8":"product_cat-seghe-accessori-vari","9":"product_tag-import-milwau","10":"sws-gruppo-macchinari-de","11":"sws-conto-ricavi-merci-rivendita-macchinari-de","12":"sws-gruppo-iva-iva81-de","14":"first","15":"instock","16":"sale","17":"shipping-taxable","18":"purchasable","19":"product-type-simple"},"_links":{"self":[{"href":"https:\/\/lucacastelli.com\/de\/wp-json\/wp\/v2\/product\/605350","targetHints":{"allow":["GET"]}}],"collection":[{"href":"https:\/\/lucacastelli.com\/de\/wp-json\/wp\/v2\/product"}],"about":[{"href":"https:\/\/lucacastelli.com\/de\/wp-json\/wp\/v2\/types\/product"}],"wp:featuredmedia":[{"embeddable":true,"href":"https:\/\/lucacastelli.com\/de\/wp-json\/wp\/v2\/media\/485699"}],"wp:attachment":[{"href":"https:\/\/lucacastelli.com\/de\/wp-json\/wp\/v2\/media?parent=605350"}],"wp:term":[{"taxonomy":"product_brand","embeddable":true,"href":"https:\/\/lucacastelli.com\/de\/wp-json\/wp\/v2\/product_brand?post=605350"},{"taxonomy":"product_cat","embeddable":true,"href":"https:\/\/lucacastelli.com\/de\/wp-json\/wp\/v2\/product_cat?post=605350"},{"taxonomy":"product_tag","embeddable":true,"href":"https:\/\/lucacastelli.com\/de\/wp-json\/wp\/v2\/product_tag?post=605350"}],"curies":[{"name":"wp","href":"https:\/\/api.w.org\/{rel}","templated":true}]}}