{"id":605322,"date":"2025-07-12T17:55:23","date_gmt":"2025-07-12T15:55:23","guid":{"rendered":"https:\/\/lucacastelli.com\/prodotto\/milwaukee-gerades-saegeblatt-set-4\/"},"modified":"2025-07-12T17:55:23","modified_gmt":"2025-07-12T15:55:23","slug":"milwaukee-gerades-saegeblatt-set-4","status":"publish","type":"product","link":"https:\/\/lucacastelli.com\/de\/produkt\/milwaukee-gerades-saegeblatt-set-4\/","title":{"rendered":"Milwaukee Gerades S\u00e4geblatt-Set"},"content":{"rendered":"<p>Heavy-Duty WRECKER\u2122 Klingen &#8211; Robuster und pr\u00e4ziser 1,57 mm dicker K\u00f6rper. Aggressives, verst\u00e4rktes Zahndesign;Heavy-Duty AX\u2122 Abbruchklingen &#8211; 1,60 mm Klingenst\u00e4rke ideal f\u00fcr Holz mit N\u00e4geln und Bolzen. FANG TIP: zum leichten Versenken in Material an engen Stellen;THE TORCH\u2122 Heavy-Duty Klingen &#8211; Optimierte Zahngeometrie f\u00fcr maximale Geschwindigkeit und Haltbarkeit. Robuster K\u00f6rper und 1,06 mm Blattst\u00e4rke f\u00fcr pr\u00e4zise Schnitte. 25 mm Blatth\u00f6he f\u00fcr maximale Stabilit\u00e4t und reduzierte Vibrationen. Bi-Metall-Zahnkonstruktion mit 8% Kobalt erh\u00f6ht die Leistung und Lebensdauer zus\u00e4tzlich    <\/p>\n","protected":false},"excerpt":{"rendered":"<p>Heavy-Duty WRECKER\u2122 Klingen &#8211; Robuster und pr\u00e4ziser 1,57 mm dicker K\u00f6rper. Aggressives, verst\u00e4rktes Zahndesign;Heavy-Duty AX\u2122 Abbruchklingen &#8211; 1,60 mm Klingenst\u00e4rke<\/p>\n","protected":false},"featured_media":488754,"template":"","meta":{"_seopress_robots_primary_cat":"","_seopress_titles_title":"","_seopress_titles_desc":"","_seopress_robots_index":""},"product_brand":[3407],"product_cat":[29,558],"product_tag":[3270],"class_list":{"0":"post-605322","1":"product","2":"type-product","3":"status-publish","4":"has-post-thumbnail","6":"product_brand-milwaukee","7":"product_cat-macchinari","8":"product_cat-seghe-accessori-vari","9":"product_tag-import-milwau","10":"sws-gruppo-macchinari-de","11":"sws-conto-ricavi-merci-rivendita-macchinari-de","12":"sws-gruppo-iva-iva81-de","14":"first","15":"instock","16":"sale","17":"shipping-taxable","18":"purchasable","19":"product-type-simple"},"_links":{"self":[{"href":"https:\/\/lucacastelli.com\/de\/wp-json\/wp\/v2\/product\/605322","targetHints":{"allow":["GET"]}}],"collection":[{"href":"https:\/\/lucacastelli.com\/de\/wp-json\/wp\/v2\/product"}],"about":[{"href":"https:\/\/lucacastelli.com\/de\/wp-json\/wp\/v2\/types\/product"}],"wp:featuredmedia":[{"embeddable":true,"href":"https:\/\/lucacastelli.com\/de\/wp-json\/wp\/v2\/media\/488754"}],"wp:attachment":[{"href":"https:\/\/lucacastelli.com\/de\/wp-json\/wp\/v2\/media?parent=605322"}],"wp:term":[{"taxonomy":"product_brand","embeddable":true,"href":"https:\/\/lucacastelli.com\/de\/wp-json\/wp\/v2\/product_brand?post=605322"},{"taxonomy":"product_cat","embeddable":true,"href":"https:\/\/lucacastelli.com\/de\/wp-json\/wp\/v2\/product_cat?post=605322"},{"taxonomy":"product_tag","embeddable":true,"href":"https:\/\/lucacastelli.com\/de\/wp-json\/wp\/v2\/product_tag?post=605322"}],"curies":[{"name":"wp","href":"https:\/\/api.w.org\/{rel}","templated":true}]}}