{"id":605300,"date":"2025-07-12T17:55:14","date_gmt":"2025-07-12T15:55:14","guid":{"rendered":"https:\/\/lucacastelli.com\/prodotto\/milwaukee-gewindematrixmaschine-2\/"},"modified":"2025-07-12T17:55:14","modified_gmt":"2025-07-12T15:55:14","slug":"milwaukee-gewindematrixmaschine-2","status":"publish","type":"product","link":"https:\/\/lucacastelli.com\/de\/produkt\/milwaukee-gewindematrixmaschine-2\/","title":{"rendered":"Milwaukee Gewindematrixmaschine"},"content":{"rendered":"<p>Zur Verwendung mit dem station\u00e4ren MX FUEL 2-Zoll-Einf\u00e4dler mit ONE-KEY\u2122 MXF PTR2;Mikro-Einstellsystem f\u00fcr pr\u00e4zise und schnelle Kammeinstellung;Automatischer Ausl\u00f6semechanismus f\u00fcr gleich gro\u00dfe Gewinde;Kompatibel mit Ridgid\u00ae 300 und 535 Werkzeugen;Kompatibel mit Milwaukee\u00ae Universalk\u00e4mmen;K\u00e4mme separat erh\u00e4ltlich<\/p>\n","protected":false},"excerpt":{"rendered":"<p>Zur Verwendung mit dem station\u00e4ren MX FUEL 2-Zoll-Einf\u00e4dler mit ONE-KEY\u2122 MXF PTR2;Mikro-Einstellsystem f\u00fcr pr\u00e4zise und schnelle Kammeinstellung;Automatischer Ausl\u00f6semechanismus f\u00fcr gleich<\/p>\n","protected":false},"featured_media":485618,"template":"","meta":{"_seopress_robots_primary_cat":"","_seopress_titles_title":"","_seopress_titles_desc":"","_seopress_robots_index":""},"product_brand":[3407],"product_cat":[29,558],"product_tag":[3270],"class_list":{"0":"post-605300","1":"product","2":"type-product","3":"status-publish","4":"has-post-thumbnail","6":"product_brand-milwaukee","7":"product_cat-macchinari","8":"product_cat-seghe-accessori-vari","9":"product_tag-import-milwau","10":"sws-gruppo-macchinari-de","11":"sws-conto-ricavi-merci-rivendita-macchinari-de","12":"sws-gruppo-iva-iva81-de","14":"first","15":"instock","16":"sale","17":"shipping-taxable","18":"purchasable","19":"product-type-simple"},"_links":{"self":[{"href":"https:\/\/lucacastelli.com\/de\/wp-json\/wp\/v2\/product\/605300","targetHints":{"allow":["GET"]}}],"collection":[{"href":"https:\/\/lucacastelli.com\/de\/wp-json\/wp\/v2\/product"}],"about":[{"href":"https:\/\/lucacastelli.com\/de\/wp-json\/wp\/v2\/types\/product"}],"wp:featuredmedia":[{"embeddable":true,"href":"https:\/\/lucacastelli.com\/de\/wp-json\/wp\/v2\/media\/485618"}],"wp:attachment":[{"href":"https:\/\/lucacastelli.com\/de\/wp-json\/wp\/v2\/media?parent=605300"}],"wp:term":[{"taxonomy":"product_brand","embeddable":true,"href":"https:\/\/lucacastelli.com\/de\/wp-json\/wp\/v2\/product_brand?post=605300"},{"taxonomy":"product_cat","embeddable":true,"href":"https:\/\/lucacastelli.com\/de\/wp-json\/wp\/v2\/product_cat?post=605300"},{"taxonomy":"product_tag","embeddable":true,"href":"https:\/\/lucacastelli.com\/de\/wp-json\/wp\/v2\/product_tag?post=605300"}],"curies":[{"name":"wp","href":"https:\/\/api.w.org\/{rel}","templated":true}]}}