{"id":605213,"date":"2025-07-12T17:54:42","date_gmt":"2025-07-12T15:54:42","guid":{"rendered":"https:\/\/lucacastelli.com\/prodotto\/milwaukee-unterstuetzung\/"},"modified":"2025-07-12T17:54:42","modified_gmt":"2025-07-12T15:54:42","slug":"milwaukee-unterstuetzung","status":"publish","type":"product","link":"https:\/\/lucacastelli.com\/de\/produkt\/milwaukee-unterstuetzung\/","title":{"rendered":"Milwaukee Unterst\u00fctzung"},"content":{"rendered":"<p>Kompatibel mit der FORCE LOGIC\u2122-Hydraulikpumpe; die ausziehbare Stange und die Gummilager erm\u00f6glichen eine einfache Verwendung auf allen Schaufeln oder K\u00f6rben; das symmetrische Design des Heberings erm\u00f6glicht die Verwendung von beiden Seiten des Hakens; h\u00e4lt die Pumpe in der idealen, flachen Betriebsposition, indem es Platz im Inneren des Tr\u00e4gers freisetzt; Heberinge in Standardgr\u00f6\u00dfe erm\u00f6glichen die Verwendung mit vorhandenen Schaufelhaken; das einzigartige Design erm\u00f6glicht es dem Benutzer, das Batteriefach der Pumpe zu \u00f6ffnen, w\u00e4hrend sie im Tr\u00e4ger untergebracht ist<\/p>\n","protected":false},"excerpt":{"rendered":"<p>Kompatibel mit der FORCE LOGIC\u2122-Hydraulikpumpe; die ausziehbare Stange und die Gummilager erm\u00f6glichen eine einfache Verwendung auf allen Schaufeln oder K\u00f6rben;<\/p>\n","protected":false},"featured_media":485498,"template":"","meta":{"_seopress_robots_primary_cat":"","_seopress_titles_title":"","_seopress_titles_desc":"","_seopress_robots_index":""},"product_brand":[3407],"product_cat":[29,558],"product_tag":[3270],"class_list":{"0":"post-605213","1":"product","2":"type-product","3":"status-publish","4":"has-post-thumbnail","6":"product_brand-milwaukee","7":"product_cat-macchinari","8":"product_cat-seghe-accessori-vari","9":"product_tag-import-milwau","10":"sws-gruppo-macchinari-de","11":"sws-conto-ricavi-merci-rivendita-macchinari-de","12":"sws-gruppo-iva-iva81-de","14":"first","15":"instock","16":"sale","17":"shipping-taxable","18":"purchasable","19":"product-type-simple"},"_links":{"self":[{"href":"https:\/\/lucacastelli.com\/de\/wp-json\/wp\/v2\/product\/605213","targetHints":{"allow":["GET"]}}],"collection":[{"href":"https:\/\/lucacastelli.com\/de\/wp-json\/wp\/v2\/product"}],"about":[{"href":"https:\/\/lucacastelli.com\/de\/wp-json\/wp\/v2\/types\/product"}],"wp:featuredmedia":[{"embeddable":true,"href":"https:\/\/lucacastelli.com\/de\/wp-json\/wp\/v2\/media\/485498"}],"wp:attachment":[{"href":"https:\/\/lucacastelli.com\/de\/wp-json\/wp\/v2\/media?parent=605213"}],"wp:term":[{"taxonomy":"product_brand","embeddable":true,"href":"https:\/\/lucacastelli.com\/de\/wp-json\/wp\/v2\/product_brand?post=605213"},{"taxonomy":"product_cat","embeddable":true,"href":"https:\/\/lucacastelli.com\/de\/wp-json\/wp\/v2\/product_cat?post=605213"},{"taxonomy":"product_tag","embeddable":true,"href":"https:\/\/lucacastelli.com\/de\/wp-json\/wp\/v2\/product_tag?post=605213"}],"curies":[{"name":"wp","href":"https:\/\/api.w.org\/{rel}","templated":true}]}}