{"id":605199,"date":"2025-07-17T19:38:33","date_gmt":"2025-07-17T17:38:33","guid":{"rendered":"https:\/\/lucacastelli.com\/prodotto\/milwaukee-sds-max-bohrer-mit-staubabsaugung-5\/"},"modified":"2025-07-17T19:38:33","modified_gmt":"2025-07-17T17:38:33","slug":"milwaukee-sds-max-bohrer-mit-staubabsaugung-5","status":"publish","type":"product","link":"https:\/\/lucacastelli.com\/de\/produkt\/milwaukee-sds-max-bohrer-mit-staubabsaugung-5\/","title":{"rendered":"Milwaukee SDS-Max-Bohrer mit Staubabsaugung"},"content":{"rendered":"<p>Effizienter und schneller Bohrer mit Staubabsaugung;Effizientes staubfreies Bohren f\u00fcr eine saubere und sichere Arbeitsumgebung;Bohrkopf k\u00fchlt schnell ab f\u00fcr eine l\u00e4ngere Lebensdauer;4-Schneidkopf-Konstruktion verhindert ein Verklemmen des Bohrers in Gegenwart von Bewehrungsst\u00e4ben;Maximale Lochpr\u00e4zision und D\u00fcbelhalt, PGM-konform;Universalaufsatz passend f\u00fcr die meisten Staubsauger mit 32 &#8211; 38 mm Schlauch<\/p>\n","protected":false},"excerpt":{"rendered":"<p>Effizienter und schneller Bohrer mit Staubabsaugung;Effizientes staubfreies Bohren f\u00fcr eine saubere und sichere Arbeitsumgebung;Bohrkopf k\u00fchlt schnell ab f\u00fcr eine l\u00e4ngere<\/p>\n","protected":false},"featured_media":499031,"template":"","meta":{"_seopress_robots_primary_cat":"","_seopress_titles_title":"","_seopress_titles_desc":"","_seopress_robots_index":""},"product_brand":[3656],"product_cat":[1553,169,1554],"product_tag":[3272],"class_list":{"0":"post-605199","1":"product","2":"type-product","3":"status-publish","4":"has-post-thumbnail","6":"product_brand-milwaukee-de","7":"product_cat-bohrer-und-schraubendreher","8":"product_cat-maschinen","9":"product_cat-zubehor-fur-bohrmaschinen-und-schraubendreher","10":"product_tag-import-milwau-de","11":"sws-gruppo-macchinari-de","12":"sws-conto-ricavi-merci-rivendita-macchinari-de","13":"sws-gruppo-iva-iva81-de","15":"first","16":"onbackorder","17":"sale","18":"shipping-taxable","19":"purchasable","20":"product-type-simple"},"_links":{"self":[{"href":"https:\/\/lucacastelli.com\/de\/wp-json\/wp\/v2\/product\/605199","targetHints":{"allow":["GET"]}}],"collection":[{"href":"https:\/\/lucacastelli.com\/de\/wp-json\/wp\/v2\/product"}],"about":[{"href":"https:\/\/lucacastelli.com\/de\/wp-json\/wp\/v2\/types\/product"}],"wp:featuredmedia":[{"embeddable":true,"href":"https:\/\/lucacastelli.com\/de\/wp-json\/wp\/v2\/media\/499031"}],"wp:attachment":[{"href":"https:\/\/lucacastelli.com\/de\/wp-json\/wp\/v2\/media?parent=605199"}],"wp:term":[{"taxonomy":"product_brand","embeddable":true,"href":"https:\/\/lucacastelli.com\/de\/wp-json\/wp\/v2\/product_brand?post=605199"},{"taxonomy":"product_cat","embeddable":true,"href":"https:\/\/lucacastelli.com\/de\/wp-json\/wp\/v2\/product_cat?post=605199"},{"taxonomy":"product_tag","embeddable":true,"href":"https:\/\/lucacastelli.com\/de\/wp-json\/wp\/v2\/product_tag?post=605199"}],"curies":[{"name":"wp","href":"https:\/\/api.w.org\/{rel}","templated":true}]}}