{"id":605085,"date":"2025-08-10T18:06:15","date_gmt":"2025-08-10T16:06:15","guid":{"rendered":"https:\/\/lucacastelli.com\/prodotto\/milwaukee-freischneider-aufsatz-mit-messer-fuer-multifunktionswerkzeug-m18-foph\/"},"modified":"2025-08-10T18:06:15","modified_gmt":"2025-08-10T16:06:15","slug":"milwaukee-freischneider-aufsatz-mit-messer-fuer-multifunktionswerkzeug-m18-foph","status":"publish","type":"product","link":"https:\/\/lucacastelli.com\/de\/produkt\/milwaukee-freischneider-aufsatz-mit-messer-fuer-multifunktionswerkzeug-m18-foph\/","title":{"rendered":"MILWAUKEE Freischneider-Aufsatz mit Messer f\u00fcr Multifunktionswerkzeug M18 FOPH"},"content":{"rendered":"<p>M18 FOPH-BCA \/GARTENWERKZEUGE<br \/>\nSpeziell zum Schneiden von Gras, Unkraut, dichten B\u00fcschen und kleinen B\u00e4umen;4-Zahn-Messerdesign mit 23 cm Durchmesser f\u00fcr das Schneiden von verwilderten Fl\u00e4chen;Optimiertes Messerdesign f\u00fcr bessere Kontrolle des Schnittguts;Zweiter Griff f\u00fcr besseren Halt und Handhabung;Verst\u00e4rkter Schaft f\u00fcr maximale Haltbarkeit;Maximale Geschwindigkeit in weniger als 1 Sekunde;Freischneider-Aufsatz mit Messer f\u00fcr das Multifunktionswerkzeug M18 FOPH<\/p>\n<p>4932479986<br \/>\n4058546377809<\/p>\n","protected":false},"excerpt":{"rendered":"<p>M18 FOPH-BCA \/GARTENWERKZEUGE<\/p>\n","protected":false},"featured_media":545724,"template":"","meta":{"_seopress_robots_primary_cat":"","_seopress_titles_title":"","_seopress_titles_desc":"","_seopress_robots_index":""},"product_brand":[3656],"product_cat":[1639,169],"product_tag":[3272],"class_list":{"0":"post-605085","1":"product","2":"type-product","3":"status-publish","4":"has-post-thumbnail","6":"product_brand-milwaukee-de","7":"product_cat-kombi-und-multi-systeme","8":"product_cat-maschinen","9":"product_tag-import-milwau-de","10":"sws-conto-ricavi-merci-rivendita-macchinari-de","11":"sws-gruppo-iva-iva81-de","13":"first","14":"onbackorder","15":"sale","16":"shipping-taxable","17":"purchasable","18":"product-type-simple"},"_links":{"self":[{"href":"https:\/\/lucacastelli.com\/de\/wp-json\/wp\/v2\/product\/605085","targetHints":{"allow":["GET"]}}],"collection":[{"href":"https:\/\/lucacastelli.com\/de\/wp-json\/wp\/v2\/product"}],"about":[{"href":"https:\/\/lucacastelli.com\/de\/wp-json\/wp\/v2\/types\/product"}],"wp:featuredmedia":[{"embeddable":true,"href":"https:\/\/lucacastelli.com\/de\/wp-json\/wp\/v2\/media\/545724"}],"wp:attachment":[{"href":"https:\/\/lucacastelli.com\/de\/wp-json\/wp\/v2\/media?parent=605085"}],"wp:term":[{"taxonomy":"product_brand","embeddable":true,"href":"https:\/\/lucacastelli.com\/de\/wp-json\/wp\/v2\/product_brand?post=605085"},{"taxonomy":"product_cat","embeddable":true,"href":"https:\/\/lucacastelli.com\/de\/wp-json\/wp\/v2\/product_cat?post=605085"},{"taxonomy":"product_tag","embeddable":true,"href":"https:\/\/lucacastelli.com\/de\/wp-json\/wp\/v2\/product_tag?post=605085"}],"curies":[{"name":"wp","href":"https:\/\/api.w.org\/{rel}","templated":true}]}}