{"id":605080,"date":"2025-08-10T18:02:49","date_gmt":"2025-08-10T16:02:49","guid":{"rendered":"https:\/\/lucacastelli.com\/prodotto\/milwaukee-abdeckung-fuer-bandsaegeblaetter\/"},"modified":"2025-08-10T18:02:49","modified_gmt":"2025-08-10T16:02:49","slug":"milwaukee-abdeckung-fuer-bandsaegeblaetter","status":"publish","type":"product","link":"https:\/\/lucacastelli.com\/de\/produkt\/milwaukee-abdeckung-fuer-bandsaegeblaetter\/","title":{"rendered":"MILWAUKEE Abdeckung f\u00fcr Bands\u00e4gebl\u00e4tter"},"content":{"rendered":"<p>KLINGENABDECKUNG F\u00dcR M18 FBS85<br \/>\nSicherheit: sch\u00fctzt den Benutzer vor Verletzungen, indem jeglicher Zugang zur Klinge verhindert wird;Jobsite Armor\u2122 Haltbarkeit &#8211; Das Verbundmaterial absorbiert St\u00f6\u00dfe und sch\u00fctzt das Werkzeug;Schutz vor Schmutz &#8211; Die Abdeckung sch\u00fctzt die Klinge und die Riemenscheiben vor Schmutz und beeinflusst die Gesamtleistung der Maschine und der Klinge;Werkzeuglose Installation und Entfernung in wenigen Sekunden;Verl\u00e4ngert die Lebensdauer der Klinge durch Schutz vor \u00e4u\u00dferen Objekten<\/p>\n<p>4932472241<br \/>\n4058546326371<\/p>\n","protected":false},"excerpt":{"rendered":"<p>KLINGENABDECKUNG F\u00dcR M18 FBS85<\/p>\n","protected":false},"featured_media":539653,"template":"","meta":{"_seopress_robots_primary_cat":"","_seopress_titles_title":"","_seopress_titles_desc":"","_seopress_robots_index":""},"product_brand":[3656],"product_cat":[1454,169,1535],"product_tag":[3272],"class_list":{"0":"post-605080","1":"product","2":"type-product","3":"status-publish","4":"has-post-thumbnail","6":"product_brand-milwaukee-de","7":"product_cat-andere-gerate","8":"product_cat-maschinen","9":"product_cat-sagen","10":"product_tag-import-milwau-de","11":"sws-conto-ricavi-merci-rivendita-macchinari-de","12":"sws-gruppo-iva-iva81-de","14":"first","15":"onbackorder","16":"shipping-taxable","17":"purchasable","18":"product-type-simple"},"_links":{"self":[{"href":"https:\/\/lucacastelli.com\/de\/wp-json\/wp\/v2\/product\/605080","targetHints":{"allow":["GET"]}}],"collection":[{"href":"https:\/\/lucacastelli.com\/de\/wp-json\/wp\/v2\/product"}],"about":[{"href":"https:\/\/lucacastelli.com\/de\/wp-json\/wp\/v2\/types\/product"}],"wp:featuredmedia":[{"embeddable":true,"href":"https:\/\/lucacastelli.com\/de\/wp-json\/wp\/v2\/media\/539653"}],"wp:attachment":[{"href":"https:\/\/lucacastelli.com\/de\/wp-json\/wp\/v2\/media?parent=605080"}],"wp:term":[{"taxonomy":"product_brand","embeddable":true,"href":"https:\/\/lucacastelli.com\/de\/wp-json\/wp\/v2\/product_brand?post=605080"},{"taxonomy":"product_cat","embeddable":true,"href":"https:\/\/lucacastelli.com\/de\/wp-json\/wp\/v2\/product_cat?post=605080"},{"taxonomy":"product_tag","embeddable":true,"href":"https:\/\/lucacastelli.com\/de\/wp-json\/wp\/v2\/product_tag?post=605080"}],"curies":[{"name":"wp","href":"https:\/\/api.w.org\/{rel}","templated":true}]}}