{"id":605076,"date":"2025-08-10T18:02:55","date_gmt":"2025-08-10T16:02:55","guid":{"rendered":"https:\/\/lucacastelli.com\/prodotto\/milwaukee-saegeblattschutz-fuer-bandsaege-hd18-bs\/"},"modified":"2025-08-10T18:02:55","modified_gmt":"2025-08-10T16:02:55","slug":"milwaukee-saegeblattschutz-fuer-bandsaege-hd18-bs","status":"publish","type":"product","link":"https:\/\/lucacastelli.com\/de\/produkt\/milwaukee-saegeblattschutz-fuer-bandsaege-hd18-bs\/","title":{"rendered":"MILWAUKEE S\u00e4geblattschutz f\u00fcr Bands\u00e4ge HD18 BS"},"content":{"rendered":"<p>S\u00c4GEBLATTSCHUTZ F\u00dcR HD18 BS<br \/>\nSicherheit: sch\u00fctzt den Benutzer vor Verletzungen, indem jeglicher Zugang zur Klinge verhindert wird;Jobsite Armor\u2122 Haltbarkeit &#8211; Das Verbundmaterial absorbiert St\u00f6\u00dfe und sch\u00fctzt das Werkzeug;Schutz vor Schmutz &#8211; Die Abdeckung sch\u00fctzt das S\u00e4geblatt und die Riemenscheiben vor Schmutz und beeinflusst die Gesamtleistung der Maschine und des S\u00e4geblatts;Werkzeuglose Installation und Entfernung in wenigen Sekunden;Verl\u00e4ngert die Lebensdauer des S\u00e4geblatts durch Schutz vor \u00e4u\u00dferen Einfl\u00fcssen<\/p>\n<p>4932471458<br \/>\n4058546290863<\/p>\n","protected":false},"excerpt":{"rendered":"<p>S\u00c4GEBLATTSCHUTZ F\u00dcR HD18 BS<\/p>\n","protected":false},"featured_media":536709,"template":"","meta":{"_seopress_robots_primary_cat":"","_seopress_titles_title":"","_seopress_titles_desc":"","_seopress_robots_index":""},"product_brand":[3407],"product_cat":[29,514,558],"product_tag":[3270],"class_list":{"0":"post-605076","1":"product","2":"type-product","3":"status-publish","4":"has-post-thumbnail","6":"product_brand-milwaukee","7":"product_cat-macchinari","8":"product_cat-altri-dispositivi","9":"product_cat-seghe-accessori-vari","10":"product_tag-import-milwau","11":"sws-conto-ricavi-merci-rivendita-macchinari-de","12":"sws-gruppo-iva-iva81-de","14":"first","15":"onbackorder","16":"shipping-taxable","17":"purchasable","18":"product-type-simple"},"_links":{"self":[{"href":"https:\/\/lucacastelli.com\/de\/wp-json\/wp\/v2\/product\/605076","targetHints":{"allow":["GET"]}}],"collection":[{"href":"https:\/\/lucacastelli.com\/de\/wp-json\/wp\/v2\/product"}],"about":[{"href":"https:\/\/lucacastelli.com\/de\/wp-json\/wp\/v2\/types\/product"}],"wp:featuredmedia":[{"embeddable":true,"href":"https:\/\/lucacastelli.com\/de\/wp-json\/wp\/v2\/media\/536709"}],"wp:attachment":[{"href":"https:\/\/lucacastelli.com\/de\/wp-json\/wp\/v2\/media?parent=605076"}],"wp:term":[{"taxonomy":"product_brand","embeddable":true,"href":"https:\/\/lucacastelli.com\/de\/wp-json\/wp\/v2\/product_brand?post=605076"},{"taxonomy":"product_cat","embeddable":true,"href":"https:\/\/lucacastelli.com\/de\/wp-json\/wp\/v2\/product_cat?post=605076"},{"taxonomy":"product_tag","embeddable":true,"href":"https:\/\/lucacastelli.com\/de\/wp-json\/wp\/v2\/product_tag?post=605076"}],"curies":[{"name":"wp","href":"https:\/\/api.w.org\/{rel}","templated":true}]}}