{"id":605075,"date":"2025-08-10T18:01:15","date_gmt":"2025-08-10T16:01:15","guid":{"rendered":"https:\/\/lucacastelli.com\/prodotto\/milwaukee-freischneider-bike-faden-klinge-m18-fuel\/"},"modified":"2025-08-10T18:01:15","modified_gmt":"2025-08-10T16:01:15","slug":"milwaukee-freischneider-bike-faden-klinge-m18-fuel","status":"publish","type":"product","link":"https:\/\/lucacastelli.com\/de\/produkt\/milwaukee-freischneider-bike-faden-klinge-m18-fuel\/","title":{"rendered":"MILWAUKEE Freischneider Bike Faden\/Klinge M18 FUEL\u2122"},"content":{"rendered":"<p>Freischneider Bike Faden\/Klinge M18 FUEL\u2122<br \/>\nM18 FBCU-802 \/ FREISCHNEIDER<br \/>\nLeistungsstarker Freischneider, konzipiert zum Schneiden von Gras, Unkraut, dichten B\u00fcschen und kleinen B\u00e4umen bis zu 3 cm Durchmesser;Erreicht die maximale Geschwindigkeit in weniger als 1 Sekunde;Inklusive Spule mit Faden f\u00fcr einstellbare Schnittbreite von 35 bis 40 cm und 4-Zahn-Klinge mit 23 cm: kann sowohl mit Klinge als auch mit Faden verwendet werden;2 Geschwindigkeitseinstellungen (0-4900 \/ 0-6200);Der Bike-Griff und der Doppelschultergurt gew\u00e4hrleisten maximalen Komfort bei l\u00e4ngerem Einsatz;Optimiertes Design des Freischneider-Schutzes f\u00fcr bessere Materialr\u00fcckhaltung;Die FUEL\u2122-Technologie definiert Akku-Elektrowerkzeuge neu. Der b\u00fcrstenlose Motor, die REDLINK PLUS\u2122-Elektronik und der REDLITHIUM\u2122-Akku bieten \u00fcberlegene Leistung und Haltbarkeit;Funktioniert mit allen M18\u2122 MILWAUKEE\u00ae-Akkus <\/p>\n<p>4933499211<br \/>\n4058546563752<\/p>\n","protected":false},"excerpt":{"rendered":"<p>M18 FBCU-802 \/ FREISCHNEIDER<\/p>\n","protected":false},"featured_media":590677,"template":"","meta":{"_seopress_robots_primary_cat":"","_seopress_titles_title":"","_seopress_titles_desc":"","_seopress_robots_index":""},"product_brand":[3656],"product_cat":[1609,1581,169],"product_tag":[3272],"class_list":{"0":"post-605075","1":"product","2":"type-product","3":"status-publish","4":"has-post-thumbnail","6":"product_brand-milwaukee-de","7":"product_cat-akkubetriebene-freischneider-und-trimmer","8":"product_cat-freischneider-und-trimmer","9":"product_cat-maschinen","10":"product_tag-import-milwau-de","11":"sws-conto-ricavi-merci-rivendita-macchinari-de","12":"sws-gruppo-iva-iva81-de","14":"first","15":"onbackorder","16":"sale","17":"shipping-taxable","18":"purchasable","19":"product-type-simple"},"_links":{"self":[{"href":"https:\/\/lucacastelli.com\/de\/wp-json\/wp\/v2\/product\/605075","targetHints":{"allow":["GET"]}}],"collection":[{"href":"https:\/\/lucacastelli.com\/de\/wp-json\/wp\/v2\/product"}],"about":[{"href":"https:\/\/lucacastelli.com\/de\/wp-json\/wp\/v2\/types\/product"}],"wp:featuredmedia":[{"embeddable":true,"href":"https:\/\/lucacastelli.com\/de\/wp-json\/wp\/v2\/media\/590677"}],"wp:attachment":[{"href":"https:\/\/lucacastelli.com\/de\/wp-json\/wp\/v2\/media?parent=605075"}],"wp:term":[{"taxonomy":"product_brand","embeddable":true,"href":"https:\/\/lucacastelli.com\/de\/wp-json\/wp\/v2\/product_brand?post=605075"},{"taxonomy":"product_cat","embeddable":true,"href":"https:\/\/lucacastelli.com\/de\/wp-json\/wp\/v2\/product_cat?post=605075"},{"taxonomy":"product_tag","embeddable":true,"href":"https:\/\/lucacastelli.com\/de\/wp-json\/wp\/v2\/product_tag?post=605075"}],"curies":[{"name":"wp","href":"https:\/\/api.w.org\/{rel}","templated":true}]}}