{"id":605071,"date":"2025-08-10T18:06:17","date_gmt":"2025-08-10T16:06:17","guid":{"rendered":"https:\/\/lucacastelli.com\/prodotto\/milwaukee-gummiwalzenbuersten-aufsatz-fuer-multifunktionswerkzeug-m18-foph\/"},"modified":"2025-08-10T18:06:17","modified_gmt":"2025-08-10T16:06:17","slug":"milwaukee-gummiwalzenbuersten-aufsatz-fuer-multifunktionswerkzeug-m18-foph","status":"publish","type":"product","link":"https:\/\/lucacastelli.com\/de\/produkt\/milwaukee-gummiwalzenbuersten-aufsatz-fuer-multifunktionswerkzeug-m18-foph\/","title":{"rendered":"MILWAUKEE Gummiwalzenb\u00fcrsten-Aufsatz f\u00fcr Multifunktionswerkzeug M18 FOPH"},"content":{"rendered":"<p>M18 FOPH-RBA \/GARTENWERKZEUGE<br \/>\nErm\u00f6glicht einfache Reinigung von Steinen, Bl\u00e4ttern, Schmutz, Mulch und anderen Ablagerungen von Rasenfl\u00e4chen und harten Oberfl\u00e4chen wie Gehwegen, Stra\u00dfen, Einfahrten und Terrassen;Kann stehendes Wasser oder Schnee mit einer \u201emaximalen H\u00f6he von 7,5 cm entfernen;Reinigungsbreite von 58 cm f\u00fcr maximale Produktivit\u00e4t in einem einzigen Durchgang;Robuste Gummilamellen f\u00fcr maximale Haltbarkeit;Schutz \u00fcber der Walze f\u00fcr bessere Eind\u00e4mmung von Schmutz und Ablagerungen;Walzendrehung gegen den Uhrzeigersinn, um Material nach vorne zu kehren, in die entgegengesetzte Richtung zum\u201c Bediener;Maximale Geschwindigkeit in weniger als 1 Sekunde;M18 FUEL\u2122 Gummiwalzenb\u00fcrste f\u00fcr M18 FOPH Garten-Multifunktionswerkzeug<\/p>\n<p>4932479984<br \/>\n4058546377786<\/p>\n","protected":false},"excerpt":{"rendered":"<p>M18 FOPH-RBA \/GARTENWERKZEUGE<\/p>\n","protected":false},"featured_media":545670,"template":"","meta":{"_seopress_robots_primary_cat":"","_seopress_titles_title":"","_seopress_titles_desc":"","_seopress_robots_index":""},"product_brand":[3656],"product_cat":[1639,169],"product_tag":[3272],"class_list":{"0":"post-605071","1":"product","2":"type-product","3":"status-publish","4":"has-post-thumbnail","6":"product_brand-milwaukee-de","7":"product_cat-kombi-und-multi-systeme","8":"product_cat-maschinen","9":"product_tag-import-milwau-de","10":"sws-conto-ricavi-merci-rivendita-macchinari-de","11":"sws-gruppo-iva-iva81-de","13":"first","14":"onbackorder","15":"sale","16":"shipping-taxable","17":"purchasable","18":"product-type-simple"},"_links":{"self":[{"href":"https:\/\/lucacastelli.com\/de\/wp-json\/wp\/v2\/product\/605071","targetHints":{"allow":["GET"]}}],"collection":[{"href":"https:\/\/lucacastelli.com\/de\/wp-json\/wp\/v2\/product"}],"about":[{"href":"https:\/\/lucacastelli.com\/de\/wp-json\/wp\/v2\/types\/product"}],"wp:featuredmedia":[{"embeddable":true,"href":"https:\/\/lucacastelli.com\/de\/wp-json\/wp\/v2\/media\/545670"}],"wp:attachment":[{"href":"https:\/\/lucacastelli.com\/de\/wp-json\/wp\/v2\/media?parent=605071"}],"wp:term":[{"taxonomy":"product_brand","embeddable":true,"href":"https:\/\/lucacastelli.com\/de\/wp-json\/wp\/v2\/product_brand?post=605071"},{"taxonomy":"product_cat","embeddable":true,"href":"https:\/\/lucacastelli.com\/de\/wp-json\/wp\/v2\/product_cat?post=605071"},{"taxonomy":"product_tag","embeddable":true,"href":"https:\/\/lucacastelli.com\/de\/wp-json\/wp\/v2\/product_tag?post=605071"}],"curies":[{"name":"wp","href":"https:\/\/api.w.org\/{rel}","templated":true}]}}