{"id":605068,"date":"2025-08-10T18:06:18","date_gmt":"2025-08-10T16:06:18","guid":{"rendered":"https:\/\/lucacastelli.com\/prodotto\/milwaukee-buerstenwalzen-aufsatz-mit-borsten-fuer-multifunktionswerkzeug-m18-foph\/"},"modified":"2025-08-10T18:06:18","modified_gmt":"2025-08-10T16:06:18","slug":"milwaukee-buerstenwalzen-aufsatz-mit-borsten-fuer-multifunktionswerkzeug-m18-foph","status":"publish","type":"product","link":"https:\/\/lucacastelli.com\/de\/produkt\/milwaukee-buerstenwalzen-aufsatz-mit-borsten-fuer-multifunktionswerkzeug-m18-foph\/","title":{"rendered":"MILWAUKEE B\u00fcrstenwalzen-Aufsatz mit Borsten f\u00fcr Multifunktionswerkzeug M18 FOPH"},"content":{"rendered":"<p>M18 FOPH-BBA \/GARTENWERKZEUGE<br \/>\nErm\u00f6glicht einfache Reinigung von nassen Bl\u00e4ttern, Kieselsteinen, Schmutz, Sand, Mulch und anderen Ablagerungen von Kunstrasen und harten Oberfl\u00e4chen wie Gehwegen, Stra\u00dfen, Einfahrten und Terrassen;Reinigt effizient auch zwischen Rissen in Gehwegen oder B\u00f6den;Walze rotiert gegen den Uhrzeigersinn, um Material nach vorne zu kehren, in die entgegengesetzte Richtung zum Bediener;Reinigungsbreite von 58 cm f\u00fcr maximale Produktivit\u00e4t in einem einzigen Durchgang;Robuste Borstenb\u00fcrsten f\u00fcr maximale Haltbarkeit;Schutz \u00fcber der Walze f\u00fcr bessere Eind\u00e4mmung von Schmutz und Ablagerungen;Geeignet f\u00fcr die Pflege von Kunstrasen;Maximale Geschwindigkeit in weniger als 1 Sekunde;B\u00fcrstenwalze mit Borsten M18 FUEL\u2122 f\u00fcr Garten-Multifunktionswerkzeug M18 FOPH<\/p>\n<p>4932479985<br \/>\n4058546377793<\/p>\n","protected":false},"excerpt":{"rendered":"<p>M18 FOPH-BBA \/GARTENWERKZEUGE<\/p>\n","protected":false},"featured_media":545695,"template":"","meta":{"_seopress_robots_primary_cat":"","_seopress_titles_title":"","_seopress_titles_desc":"","_seopress_robots_index":""},"product_brand":[3656],"product_cat":[1639,169],"product_tag":[3272],"class_list":{"0":"post-605068","1":"product","2":"type-product","3":"status-publish","4":"has-post-thumbnail","6":"product_brand-milwaukee-de","7":"product_cat-kombi-und-multi-systeme","8":"product_cat-maschinen","9":"product_tag-import-milwau-de","10":"sws-conto-ricavi-merci-rivendita-macchinari-de","11":"sws-gruppo-iva-iva81-de","13":"first","14":"onbackorder","15":"sale","16":"shipping-taxable","17":"purchasable","18":"product-type-simple"},"_links":{"self":[{"href":"https:\/\/lucacastelli.com\/de\/wp-json\/wp\/v2\/product\/605068","targetHints":{"allow":["GET"]}}],"collection":[{"href":"https:\/\/lucacastelli.com\/de\/wp-json\/wp\/v2\/product"}],"about":[{"href":"https:\/\/lucacastelli.com\/de\/wp-json\/wp\/v2\/types\/product"}],"wp:featuredmedia":[{"embeddable":true,"href":"https:\/\/lucacastelli.com\/de\/wp-json\/wp\/v2\/media\/545695"}],"wp:attachment":[{"href":"https:\/\/lucacastelli.com\/de\/wp-json\/wp\/v2\/media?parent=605068"}],"wp:term":[{"taxonomy":"product_brand","embeddable":true,"href":"https:\/\/lucacastelli.com\/de\/wp-json\/wp\/v2\/product_brand?post=605068"},{"taxonomy":"product_cat","embeddable":true,"href":"https:\/\/lucacastelli.com\/de\/wp-json\/wp\/v2\/product_cat?post=605068"},{"taxonomy":"product_tag","embeddable":true,"href":"https:\/\/lucacastelli.com\/de\/wp-json\/wp\/v2\/product_tag?post=605068"}],"curies":[{"name":"wp","href":"https:\/\/api.w.org\/{rel}","templated":true}]}}