{"id":605060,"date":"2025-08-10T18:16:58","date_gmt":"2025-08-10T16:16:58","guid":{"rendered":"https:\/\/lucacastelli.com\/prodotto\/milwaukee-m12-packout-strahler-1-400-lumen\/"},"modified":"2025-08-10T18:16:58","modified_gmt":"2025-08-10T16:16:58","slug":"milwaukee-m12-packout-strahler-1-400-lumen","status":"publish","type":"product","link":"https:\/\/lucacastelli.com\/de\/produkt\/milwaukee-m12-packout-strahler-1-400-lumen\/","title":{"rendered":"MILWAUKEE M12\u2122 PACKOUT\u2122 Strahler 1.400 Lumen"},"content":{"rendered":"<p>M12 POAL-0 \/BELEUCHTUNG<br \/>\n1.400 Lumen hochaufl\u00f6sende TRUEVIEW\u2122 Beleuchtung;IP54-Klassifizierung zum Schutz vor Staub und Wasser;3 Modi zur Steuerung der Lichtleistung und Betriebsdauer;300\u00b0 horizontale und 180\u00b0 vertikale Drehung zur Ausrichtung des Lichts nach Bedarf;Metallhaken f\u00fcr einfaches Aufh\u00e4ngen des Strahlers in der H\u00f6he;Internes Fach f\u00fcr Ger\u00e4te und kleine Gegenst\u00e4nde;Kompatibel mit dem PACKOUT\u2122 Modulsystem (kann nur oben auf einem PACKOUT\u2122-Stapel platziert werden);Funktioniert als Ladeger\u00e4t f\u00fcr elektronische Ger\u00e4te \u00fcber USB-C und USB-A Anschluss mit 2,1 Ah;Batterieanzeige blinkt bei niedrigem Ladestand;Funktioniert mit allen M12\u2122 MILWAUKEE\u00ae Batterien<\/p>\n<p>4933480473<br \/>\n4058546407582<\/p>\n","protected":false},"excerpt":{"rendered":"<p>M12 POAL-0 \/BELEUCHTUNG<\/p>\n","protected":false},"featured_media":582547,"template":"","meta":{"_seopress_robots_primary_cat":"","_seopress_titles_title":"","_seopress_titles_desc":"","_seopress_robots_index":""},"product_brand":[3407],"product_cat":[5531,29,514],"product_tag":[3270],"class_list":{"0":"post-605060","1":"product","2":"type-product","3":"status-publish","4":"has-post-thumbnail","6":"product_brand-milwaukee","7":"product_cat-vari-macchinari-milwaukee","8":"product_cat-macchinari","9":"product_cat-altri-dispositivi","10":"product_tag-import-milwau","11":"sws-conto-ricavi-merci-rivendita-macchinari-de","12":"sws-gruppo-iva-iva81-de","14":"first","15":"onbackorder","16":"sale","17":"shipping-taxable","18":"purchasable","19":"product-type-simple"},"_links":{"self":[{"href":"https:\/\/lucacastelli.com\/de\/wp-json\/wp\/v2\/product\/605060","targetHints":{"allow":["GET"]}}],"collection":[{"href":"https:\/\/lucacastelli.com\/de\/wp-json\/wp\/v2\/product"}],"about":[{"href":"https:\/\/lucacastelli.com\/de\/wp-json\/wp\/v2\/types\/product"}],"wp:featuredmedia":[{"embeddable":true,"href":"https:\/\/lucacastelli.com\/de\/wp-json\/wp\/v2\/media\/582547"}],"wp:attachment":[{"href":"https:\/\/lucacastelli.com\/de\/wp-json\/wp\/v2\/media?parent=605060"}],"wp:term":[{"taxonomy":"product_brand","embeddable":true,"href":"https:\/\/lucacastelli.com\/de\/wp-json\/wp\/v2\/product_brand?post=605060"},{"taxonomy":"product_cat","embeddable":true,"href":"https:\/\/lucacastelli.com\/de\/wp-json\/wp\/v2\/product_cat?post=605060"},{"taxonomy":"product_tag","embeddable":true,"href":"https:\/\/lucacastelli.com\/de\/wp-json\/wp\/v2\/product_tag?post=605060"}],"curies":[{"name":"wp","href":"https:\/\/api.w.org\/{rel}","templated":true}]}}