{"id":605058,"date":"2025-08-10T18:07:39","date_gmt":"2025-08-10T16:07:39","guid":{"rendered":"https:\/\/lucacastelli.com\/prodotto\/milwaukee-laser-entfernungsmesser-50m\/"},"modified":"2025-08-10T18:07:39","modified_gmt":"2025-08-10T16:07:39","slug":"milwaukee-laser-entfernungsmesser-50m","status":"publish","type":"product","link":"https:\/\/lucacastelli.com\/de\/produkt\/milwaukee-laser-entfernungsmesser-50m\/","title":{"rendered":"MILWAUKEE Laser-Entfernungsmesser 50m"},"content":{"rendered":"<p>LDM 50\/ENTFERNUNGSMESSER<br \/>\nEinfache und intuitive Bedienung;Schlankes Design mit G\u00fcrtelclip;Messung von Fl\u00e4che \/ Volumen \/ indirekte H\u00f6he und Oberfl\u00e4che;Min\/Max-Funktion;Additions- und Subtraktionsberechnung;Indirekte H\u00f6henmessung (Pythagoras 2 und 3 Punkte, Teilh\u00f6he);Gro\u00dfes 3-zeiliges LCD-Display mit Hintergrundbeleuchtung;Klappbarer Anschlagwinkel f\u00fcr Messungen aus Ecken;Speicher f\u00fcr die letzten 20 Messungen;Wasser- und Staubschutzklasse IP54;Automatische Abschaltung und Anzeige bei niedrigem Batteriestand;Metrische Ma\u00dfeinheit<\/p>\n<p>4933447700<br \/>\n4002395006540<\/p>\n","protected":false},"excerpt":{"rendered":"<p>LDM 50\/ENTFERNUNGSMESSER<\/p>\n","protected":false},"featured_media":570708,"template":"","meta":{"_seopress_robots_primary_cat":"","_seopress_titles_title":"","_seopress_titles_desc":"","_seopress_robots_index":""},"product_brand":[3407],"product_cat":[29,514,551],"product_tag":[3270],"class_list":{"0":"post-605058","1":"product","2":"type-product","3":"status-publish","4":"has-post-thumbnail","6":"product_brand-milwaukee","7":"product_cat-macchinari","8":"product_cat-altri-dispositivi","9":"product_cat-apparecchi-di-misurazione","10":"product_tag-import-milwau","11":"sws-conto-ricavi-merci-rivendita-macchinari-de","12":"sws-gruppo-iva-iva81-de","14":"first","15":"onbackorder","16":"sale","17":"shipping-taxable","18":"purchasable","19":"product-type-simple"},"_links":{"self":[{"href":"https:\/\/lucacastelli.com\/de\/wp-json\/wp\/v2\/product\/605058","targetHints":{"allow":["GET"]}}],"collection":[{"href":"https:\/\/lucacastelli.com\/de\/wp-json\/wp\/v2\/product"}],"about":[{"href":"https:\/\/lucacastelli.com\/de\/wp-json\/wp\/v2\/types\/product"}],"wp:featuredmedia":[{"embeddable":true,"href":"https:\/\/lucacastelli.com\/de\/wp-json\/wp\/v2\/media\/570708"}],"wp:attachment":[{"href":"https:\/\/lucacastelli.com\/de\/wp-json\/wp\/v2\/media?parent=605058"}],"wp:term":[{"taxonomy":"product_brand","embeddable":true,"href":"https:\/\/lucacastelli.com\/de\/wp-json\/wp\/v2\/product_brand?post=605058"},{"taxonomy":"product_cat","embeddable":true,"href":"https:\/\/lucacastelli.com\/de\/wp-json\/wp\/v2\/product_cat?post=605058"},{"taxonomy":"product_tag","embeddable":true,"href":"https:\/\/lucacastelli.com\/de\/wp-json\/wp\/v2\/product_tag?post=605058"}],"curies":[{"name":"wp","href":"https:\/\/api.w.org\/{rel}","templated":true}]}}