{"id":605052,"date":"2025-08-10T18:17:00","date_gmt":"2025-08-10T16:17:00","guid":{"rendered":"https:\/\/lucacastelli.com\/prodotto\/milwaukee-m12-astschere-buerstenlos\/"},"modified":"2025-08-10T18:17:00","modified_gmt":"2025-08-10T16:17:00","slug":"milwaukee-m12-astschere-buerstenlos","status":"publish","type":"product","link":"https:\/\/lucacastelli.com\/de\/produkt\/milwaukee-m12-astschere-buerstenlos\/","title":{"rendered":"MILWAUKEE M12\u2122 Astschere b\u00fcrstenlos"},"content":{"rendered":"<p>M12BLPRS-0\/GARTENWERKZEUGE<br \/>\nKann \u00c4ste mit einem Durchmesser von bis zu 32 mm schneiden;Schalter mit progressivem Schnitt: Die \u201eKlingen\u00f6ffnung variiert je nach ausge\u00fcbtem Druck;Keine Erm\u00fcdung im Vergleich zu manuellen Scheren, ideal f\u00fcr l\u00e4ngere Anwendungen;Zwei Klingen\u00f6ffnungsmodi: maximale Kapazit\u00e4t von 32 mm oder halbe Kapazit\u00e4t von 16 mm f\u00fcr schnellere Schnitte;\u00dcber 1.000 Schnitte bei 12,5 mm \u00c4sten mit 1 M12 B2 Akku;Handgelenkschlaufe f\u00fcr bessere Handhabung des\u201c Werkzeugs;Funktioniert mit allen M12\u2122 MILWAUKEE\u00ae Akkus<\/p>\n<p>4933480114<br \/>\n4058546403997<\/p>\n","protected":false},"excerpt":{"rendered":"<p>M12BLPRS-0\/GARTENWERKZEUGE<\/p>\n","protected":false},"featured_media":582261,"template":"","meta":{"_seopress_robots_primary_cat":"","_seopress_titles_title":"","_seopress_titles_desc":"","_seopress_robots_index":""},"product_brand":[3407],"product_cat":[5531,29,514],"product_tag":[3270],"class_list":{"0":"post-605052","1":"product","2":"type-product","3":"status-publish","4":"has-post-thumbnail","6":"product_brand-milwaukee","7":"product_cat-vari-macchinari-milwaukee","8":"product_cat-macchinari","9":"product_cat-altri-dispositivi","10":"product_tag-import-milwau","11":"sws-conto-ricavi-merci-rivendita-macchinari-de","12":"sws-gruppo-iva-iva81-de","14":"first","15":"onbackorder","16":"sale","17":"shipping-taxable","18":"purchasable","19":"product-type-simple"},"_links":{"self":[{"href":"https:\/\/lucacastelli.com\/de\/wp-json\/wp\/v2\/product\/605052","targetHints":{"allow":["GET"]}}],"collection":[{"href":"https:\/\/lucacastelli.com\/de\/wp-json\/wp\/v2\/product"}],"about":[{"href":"https:\/\/lucacastelli.com\/de\/wp-json\/wp\/v2\/types\/product"}],"wp:featuredmedia":[{"embeddable":true,"href":"https:\/\/lucacastelli.com\/de\/wp-json\/wp\/v2\/media\/582261"}],"wp:attachment":[{"href":"https:\/\/lucacastelli.com\/de\/wp-json\/wp\/v2\/media?parent=605052"}],"wp:term":[{"taxonomy":"product_brand","embeddable":true,"href":"https:\/\/lucacastelli.com\/de\/wp-json\/wp\/v2\/product_brand?post=605052"},{"taxonomy":"product_cat","embeddable":true,"href":"https:\/\/lucacastelli.com\/de\/wp-json\/wp\/v2\/product_cat?post=605052"},{"taxonomy":"product_tag","embeddable":true,"href":"https:\/\/lucacastelli.com\/de\/wp-json\/wp\/v2\/product_tag?post=605052"}],"curies":[{"name":"wp","href":"https:\/\/api.w.org\/{rel}","templated":true}]}}