{"id":605048,"date":"2025-08-10T18:00:06","date_gmt":"2025-08-10T16:00:06","guid":{"rendered":"https:\/\/lucacastelli.com\/prodotto\/milwaukee-kultivator-fuer-garten-multifunktionswerkzeug-m18-foph\/"},"modified":"2025-08-10T18:00:06","modified_gmt":"2025-08-10T16:00:06","slug":"milwaukee-kultivator-fuer-garten-multifunktionswerkzeug-m18-foph","status":"publish","type":"product","link":"https:\/\/lucacastelli.com\/de\/produkt\/milwaukee-kultivator-fuer-garten-multifunktionswerkzeug-m18-foph\/","title":{"rendered":"MILWAUKEE Kultivator f\u00fcr Garten-Multifunktionswerkzeug M18 FOPH"},"content":{"rendered":"<p>M18 FOPH-CA \/MULTIFUNKTIONSWERKZEUG<br \/>\nVielseitiges Zubeh\u00f6r f\u00fcr Beetarbeiten, einschlie\u00dflich Oberfl\u00e4chenzerkleinerung, Bodenvorbereitung und Beetverj\u00fcngung f\u00fcr optimale Pflanzenbedingungen;Einfache Handhabung in engen Bereichen dank der schmalen Arbeitsbreite von 22 cm;Der Kultivator mit 22 cm Zinken erm\u00f6glicht m\u00fcheloses Auflockern des Bodens und garantiert eine effektive und einfache Bodenbearbeitung;Das optimierte Schutzdesign sorgt f\u00fcr eine verbesserte Materialablenkung;Kultivator-Aufsatz f\u00fcr Garten-Multifunktionswerkzeug M18 FOPH<\/p>\n<p>4932492667<br \/>\n4058546475383<\/p>\n","protected":false},"excerpt":{"rendered":"<p>M18 FOPH-CA \/MULTIFUNKTIONSWERKZEUG<\/p>\n","protected":false},"featured_media":557881,"template":"","meta":{"_seopress_robots_primary_cat":"","_seopress_titles_title":"","_seopress_titles_desc":"","_seopress_robots_index":""},"product_brand":[3656],"product_cat":[1639,169],"product_tag":[3272],"class_list":{"0":"post-605048","1":"product","2":"type-product","3":"status-publish","4":"has-post-thumbnail","6":"product_brand-milwaukee-de","7":"product_cat-kombi-und-multi-systeme","8":"product_cat-maschinen","9":"product_tag-import-milwau-de","10":"sws-conto-ricavi-merci-rivendita-macchinari-de","11":"sws-gruppo-iva-iva81-de","13":"first","14":"onbackorder","15":"sale","16":"shipping-taxable","17":"purchasable","18":"product-type-simple"},"_links":{"self":[{"href":"https:\/\/lucacastelli.com\/de\/wp-json\/wp\/v2\/product\/605048","targetHints":{"allow":["GET"]}}],"collection":[{"href":"https:\/\/lucacastelli.com\/de\/wp-json\/wp\/v2\/product"}],"about":[{"href":"https:\/\/lucacastelli.com\/de\/wp-json\/wp\/v2\/types\/product"}],"wp:featuredmedia":[{"embeddable":true,"href":"https:\/\/lucacastelli.com\/de\/wp-json\/wp\/v2\/media\/557881"}],"wp:attachment":[{"href":"https:\/\/lucacastelli.com\/de\/wp-json\/wp\/v2\/media?parent=605048"}],"wp:term":[{"taxonomy":"product_brand","embeddable":true,"href":"https:\/\/lucacastelli.com\/de\/wp-json\/wp\/v2\/product_brand?post=605048"},{"taxonomy":"product_cat","embeddable":true,"href":"https:\/\/lucacastelli.com\/de\/wp-json\/wp\/v2\/product_cat?post=605048"},{"taxonomy":"product_tag","embeddable":true,"href":"https:\/\/lucacastelli.com\/de\/wp-json\/wp\/v2\/product_tag?post=605048"}],"curies":[{"name":"wp","href":"https:\/\/api.w.org\/{rel}","templated":true}]}}