{"id":605047,"date":"2025-08-10T17:55:48","date_gmt":"2025-08-10T15:55:48","guid":{"rendered":"https:\/\/lucacastelli.com\/prodotto\/milwaukee-akku-astsaege-m18-fuel-20-cm\/"},"modified":"2025-08-10T17:55:48","modified_gmt":"2025-08-10T15:55:48","slug":"milwaukee-akku-astsaege-m18-fuel-20-cm","status":"publish","type":"product","link":"https:\/\/lucacastelli.com\/de\/produkt\/milwaukee-akku-astsaege-m18-fuel-20-cm\/","title":{"rendered":"MILWAUKEE Akku-Asts\u00e4ge M18 FUEL\u2122 20 cm"},"content":{"rendered":"<p>M18 FHS20-0 \/GARTENWERKZEUGE<br \/>\nDie M18 FUEL\u2122 Akku-Asts\u00e4ge bietet unvergleichliche Leistung und Drehmoment, erm\u00f6glicht das Schneiden von 20 cm starkem Hartholz ohne Verlangsamung;Entwickelt f\u00fcr Haltbarkeit, Leistung und Ergonomie f\u00fcr alle professionellen Landschaftspfleger;Kompaktes Design f\u00fcr maximale Kontrolle und Man\u00f6vrierf\u00e4higkeit in engen R\u00e4umen;Bis zu 180 Schnitte von 10 x 10 cm in Zedernholz mit einem M18\u2122 HIGH OUTPUT\u2122 5,5 Ah Akku;Einfacher Zugang zum Kettenspanner;Schalter mit variabler Geschwindigkeit f\u00fcr optimale Kontrolle;Metallz\u00e4hne f\u00fcr mehr Hebelwirkung w\u00e4hrend der Anwendung;Selbstschmierend f\u00fcr maximale Benutzerfreundlichkeit und angemessene Kettenschmierung;Platz am Werkzeug zur Aufbewahrung kleiner Werkzeuge;Die FUEL\u2122-Technologie definiert Akku-Elektrowerkzeuge neu. Der b\u00fcrstenlose Motor, die REDLINK PLUS\u2122-Elektronik und der REDLITHIUM\u2122-Akku bieten \u00fcberlegene Leistung und Haltbarkeit;Funktioniert mit allen MILWAUKEE\u00ae M18\u2122 Akkus <\/p>\n<p>4933480117<br \/>\n4058546404024<\/p>\n","protected":false},"excerpt":{"rendered":"<p>M18 FHS20-0 \/GARTENWERKZEUGE<\/p>\n","protected":false},"featured_media":582323,"template":"","meta":{"_seopress_robots_primary_cat":"","_seopress_titles_title":"","_seopress_titles_desc":"","_seopress_robots_index":""},"product_brand":[3407],"product_cat":[29,268,528],"product_tag":[3270],"class_list":{"0":"post-605047","1":"product","2":"type-product","3":"status-publish","4":"has-post-thumbnail","6":"product_brand-milwaukee","7":"product_cat-macchinari","8":"product_cat-motoseghe","9":"product_cat-motoseghe-a-batteria","10":"product_tag-import-milwau","11":"sws-conto-ricavi-merci-rivendita-macchinari-de","12":"sws-gruppo-iva-iva81-de","14":"first","15":"onbackorder","16":"sale","17":"shipping-taxable","18":"purchasable","19":"product-type-simple"},"_links":{"self":[{"href":"https:\/\/lucacastelli.com\/de\/wp-json\/wp\/v2\/product\/605047","targetHints":{"allow":["GET"]}}],"collection":[{"href":"https:\/\/lucacastelli.com\/de\/wp-json\/wp\/v2\/product"}],"about":[{"href":"https:\/\/lucacastelli.com\/de\/wp-json\/wp\/v2\/types\/product"}],"wp:featuredmedia":[{"embeddable":true,"href":"https:\/\/lucacastelli.com\/de\/wp-json\/wp\/v2\/media\/582323"}],"wp:attachment":[{"href":"https:\/\/lucacastelli.com\/de\/wp-json\/wp\/v2\/media?parent=605047"}],"wp:term":[{"taxonomy":"product_brand","embeddable":true,"href":"https:\/\/lucacastelli.com\/de\/wp-json\/wp\/v2\/product_brand?post=605047"},{"taxonomy":"product_cat","embeddable":true,"href":"https:\/\/lucacastelli.com\/de\/wp-json\/wp\/v2\/product_cat?post=605047"},{"taxonomy":"product_tag","embeddable":true,"href":"https:\/\/lucacastelli.com\/de\/wp-json\/wp\/v2\/product_tag?post=605047"}],"curies":[{"name":"wp","href":"https:\/\/api.w.org\/{rel}","templated":true}]}}