{"id":605045,"date":"2025-08-10T17:55:49","date_gmt":"2025-08-10T15:55:49","guid":{"rendered":"https:\/\/lucacastelli.com\/prodotto\/milwaukee-elektrosaege-m18-fuel-doppelbatterie-2x18v-mit-50-cm-schwert-2\/"},"modified":"2025-08-10T17:55:49","modified_gmt":"2025-08-10T15:55:49","slug":"milwaukee-elektrosaege-m18-fuel-doppelbatterie-2x18v-mit-50-cm-schwert-2","status":"publish","type":"product","link":"https:\/\/lucacastelli.com\/de\/produkt\/milwaukee-elektrosaege-m18-fuel-doppelbatterie-2x18v-mit-50-cm-schwert-2\/","title":{"rendered":"MILWAUKEE Elektros\u00e4ge M18 FUEL\u2122 Doppelbatterie (2x18V) mit 50 cm Schwert"},"content":{"rendered":"<p>M18F2CHS50-0 ELEKTRO-KETTENS\u00c4GE<br \/>\nH\u00f6here Schnittgeschwindigkeit im Vergleich zu Benzinkettens\u00e4gen mit 60 PS;Das maximale Drehmoment von 9,5 Nm erm\u00f6glicht Schnitte in schwierigen Materialien und h\u00e4lt die Geschwindigkeit auch unter schweren Lasten konstant, ohne zu blockieren.;50 cm Schwert und eine H\u00f6chstgeschwindigkeit von bis zu 5,8 PS f\u00fcr gro\u00dfe F\u00e4ll- und Beschneidungsarbeiten;Gut sichtbares Visier f\u00fcr pr\u00e4zise F\u00e4llarbeiten;Zwei Geschwindigkeitseinstellungen erm\u00f6glichen dem Benutzer die Wahl zwischen maximaler Leistung oder verl\u00e4ngerter Laufzeit;Die doppelte Metallzahnleiste erm\u00f6glicht dem Benutzer, die Hebelwirkung beim Schneiden zu verst\u00e4rken.;Die FUEL\u2122-Technologie erm\u00f6glicht eine Beschleunigung auf H\u00f6chstgeschwindigkeit in weniger als 1 Sekunde;Der stufenlos einstellbare Geschwindigkeitsregler gibt dem Benutzer volle Kontrolle \u00fcber die Leistung;Einfache Kettenschmierung: auslaufsicherer Beh\u00e4lter, leicht zu bef\u00fcllen und einfache F\u00fcllstandskontrolle.;Wird mit 76 ml \u00d6l, Kettens\u00e4ge und Schwertschutz geliefert;Die DNA unserer FUEL\u2122-Plattform definiert das Gleichgewicht der kabellosen Technologien. Der b\u00fcrstenlose POWERSTATE\u2122-Motor von MILWAUKEE\u00ae, der REDLITHIUM\u2122-Akku und die REDLINK PLUS\u2122-Elektronik garantieren au\u00dfergew\u00f6hnliche Leistung, Laufzeit und Haltbarkeit.;System ist zu 100 % kompatibel mit dem MILWAUKEE\u00ae-M18\u2122-Produktprogramm<\/p>\n<p>4933480120<br \/>\n4058546404055<\/p>\n","protected":false},"excerpt":{"rendered":"<p>M18F2CHS50-0 ELEKTRO-KETTENS\u00c4GE<\/p>\n","protected":false},"featured_media":582389,"template":"","meta":{"_seopress_robots_primary_cat":"","_seopress_titles_title":"","_seopress_titles_desc":"","_seopress_robots_index":""},"product_brand":[3656],"product_cat":[1615,1612,169],"product_tag":[3272],"class_list":{"0":"post-605045","1":"product","2":"type-product","3":"status-publish","4":"has-post-thumbnail","6":"product_brand-milwaukee-de","7":"product_cat-akku-kettensagen","8":"product_cat-kettensagen","9":"product_cat-maschinen","10":"product_tag-import-milwau-de","11":"sws-conto-ricavi-merci-rivendita-macchinari-de","12":"sws-gruppo-iva-iva81-de","14":"first","15":"onbackorder","16":"sale","17":"shipping-taxable","18":"purchasable","19":"product-type-simple"},"_links":{"self":[{"href":"https:\/\/lucacastelli.com\/de\/wp-json\/wp\/v2\/product\/605045","targetHints":{"allow":["GET"]}}],"collection":[{"href":"https:\/\/lucacastelli.com\/de\/wp-json\/wp\/v2\/product"}],"about":[{"href":"https:\/\/lucacastelli.com\/de\/wp-json\/wp\/v2\/types\/product"}],"wp:featuredmedia":[{"embeddable":true,"href":"https:\/\/lucacastelli.com\/de\/wp-json\/wp\/v2\/media\/582389"}],"wp:attachment":[{"href":"https:\/\/lucacastelli.com\/de\/wp-json\/wp\/v2\/media?parent=605045"}],"wp:term":[{"taxonomy":"product_brand","embeddable":true,"href":"https:\/\/lucacastelli.com\/de\/wp-json\/wp\/v2\/product_brand?post=605045"},{"taxonomy":"product_cat","embeddable":true,"href":"https:\/\/lucacastelli.com\/de\/wp-json\/wp\/v2\/product_cat?post=605045"},{"taxonomy":"product_tag","embeddable":true,"href":"https:\/\/lucacastelli.com\/de\/wp-json\/wp\/v2\/product_tag?post=605045"}],"curies":[{"name":"wp","href":"https:\/\/api.w.org\/{rel}","templated":true}]}}