{"id":605034,"date":"2025-08-10T17:57:56","date_gmt":"2025-08-10T15:57:56","guid":{"rendered":"https:\/\/lucacastelli.com\/prodotto\/milwaukee-m18-packout-mehrfachladegeraet-mit-usb\/"},"modified":"2025-08-10T17:57:56","modified_gmt":"2025-08-10T15:57:56","slug":"milwaukee-m18-packout-mehrfachladegeraet-mit-usb","status":"publish","type":"product","link":"https:\/\/lucacastelli.com\/de\/produkt\/milwaukee-m18-packout-mehrfachladegeraet-mit-usb\/","title":{"rendered":"MILWAUKEE M18\u2122 PACKOUT\u2122 Mehrfachladeger\u00e4t mit USB"},"content":{"rendered":"<p>M18 PC6 \/LADEGER\u00c4T<br \/>\nKompatibel mit allen M18\u2122 Akkus;L\u00e4dt 2 Akkus gleichzeitig;L\u00e4dt bis zu 6 M18\u2122 Akkus mit der gleichen Geschwindigkeit wie das Schnellladeger\u00e4t M12-18 FC (M18\u2122 5.0 Ah in 59 Minuten);Basis kompatibel mit dem PACKOUT\u2122 Aufbewahrungssystem;Kann elektronische Ger\u00e4te \u00fcber USB-A 2.4A-Anschluss aufladen;Kleine seitliche F\u00e4cher f\u00fcr Kleinteile;L\u00e4dt 2 Akkus gleichzeitig, wenn sie auf beiden Seiten des Ladeger\u00e4ts platziert werden, nach dem Laden l\u00e4dt das Ger\u00e4t die n\u00e4chsten Akkus in der durch die Pfeile angegebenen Reihenfolge;Robuster und bequemer Tragegriff;L\u00e4dt 6 M18\u2122 5.0 Ah Akkus in 3 Stunden<\/p>\n<p>4932480162<br \/>\n4058546404475<\/p>\n","protected":false},"excerpt":{"rendered":"<p>M18 PC6 \/LADEGER\u00c4T<\/p>\n","protected":false},"featured_media":551765,"template":"","meta":{"_seopress_robots_primary_cat":"","_seopress_titles_title":"","_seopress_titles_desc":"","_seopress_robots_index":""},"product_brand":[3656],"product_cat":[169,1449],"product_tag":[3272],"class_list":{"0":"post-605034","1":"product","2":"type-product","3":"status-publish","4":"has-post-thumbnail","6":"product_brand-milwaukee-de","7":"product_cat-maschinen","8":"product_cat-batteriesysteme-zubehor","9":"product_tag-import-milwau-de","10":"sws-conto-ricavi-merci-rivendita-macchinari-de","11":"sws-gruppo-iva-iva81-de","13":"first","14":"onbackorder","15":"sale","16":"shipping-taxable","17":"purchasable","18":"product-type-simple"},"_links":{"self":[{"href":"https:\/\/lucacastelli.com\/de\/wp-json\/wp\/v2\/product\/605034","targetHints":{"allow":["GET"]}}],"collection":[{"href":"https:\/\/lucacastelli.com\/de\/wp-json\/wp\/v2\/product"}],"about":[{"href":"https:\/\/lucacastelli.com\/de\/wp-json\/wp\/v2\/types\/product"}],"wp:featuredmedia":[{"embeddable":true,"href":"https:\/\/lucacastelli.com\/de\/wp-json\/wp\/v2\/media\/551765"}],"wp:attachment":[{"href":"https:\/\/lucacastelli.com\/de\/wp-json\/wp\/v2\/media?parent=605034"}],"wp:term":[{"taxonomy":"product_brand","embeddable":true,"href":"https:\/\/lucacastelli.com\/de\/wp-json\/wp\/v2\/product_brand?post=605034"},{"taxonomy":"product_cat","embeddable":true,"href":"https:\/\/lucacastelli.com\/de\/wp-json\/wp\/v2\/product_cat?post=605034"},{"taxonomy":"product_tag","embeddable":true,"href":"https:\/\/lucacastelli.com\/de\/wp-json\/wp\/v2\/product_tag?post=605034"}],"curies":[{"name":"wp","href":"https:\/\/api.w.org\/{rel}","templated":true}]}}