{"id":605028,"date":"2025-08-10T17:57:54","date_gmt":"2025-08-10T15:57:54","guid":{"rendered":"https:\/\/lucacastelli.com\/prodotto\/milwaukee-m12-reiseladegeraet\/"},"modified":"2025-08-10T17:57:54","modified_gmt":"2025-08-10T15:57:54","slug":"milwaukee-m12-reiseladegeraet","status":"publish","type":"product","link":"https:\/\/lucacastelli.com\/de\/produkt\/milwaukee-m12-reiseladegeraet\/","title":{"rendered":"MILWAUKEE M12\u2122 Reiseladeger\u00e4t"},"content":{"rendered":"<p>M12TC2-0 LADEGER\u00c4T<br \/>\nDas kompakteste MILWAUKEE\u00ae Ladeger\u00e4t l\u00e4dt alle M12\u2122 Akkupacks;L\u00e4dt elektronische Ger\u00e4te \u00fcber den USB-C-Ausgang;Verwaltet alle MILWAUKEE\u00ae Heizjacken;REDLITHIUM\u2122 Akkupacks 2.0 Ah \/ 2.5 Ah \/ 3.0 Ah \/ 4.0 Ah \/ 5.0 Ah \/ 6.0 Ah werden in 120 \/ 150 \/ 175 \/ 240 \/ 300 \/ 345 Min. geladen;Mit Wandsteckdose USB und USB-C f\u00fcr C-Kabel<\/p>\n<p>4932492908<br \/>\n4058546477790<\/p>\n","protected":false},"excerpt":{"rendered":"<p>M12TC2-0 LADEGER\u00c4T<\/p>\n","protected":false},"featured_media":558830,"template":"","meta":{"_seopress_robots_primary_cat":"","_seopress_titles_title":"","_seopress_titles_desc":"","_seopress_robots_index":""},"product_brand":[3407],"product_cat":[29,491],"product_tag":[3270],"class_list":{"0":"post-605028","1":"product","2":"type-product","3":"status-publish","4":"has-post-thumbnail","6":"product_brand-milwaukee","7":"product_cat-macchinari","8":"product_cat-accessori-sistemi-a-batteria","9":"product_tag-import-milwau","10":"sws-conto-ricavi-merci-rivendita-macchinari-de","11":"sws-gruppo-iva-iva81-de","13":"first","14":"onbackorder","15":"sale","16":"shipping-taxable","17":"purchasable","18":"product-type-simple"},"_links":{"self":[{"href":"https:\/\/lucacastelli.com\/de\/wp-json\/wp\/v2\/product\/605028","targetHints":{"allow":["GET"]}}],"collection":[{"href":"https:\/\/lucacastelli.com\/de\/wp-json\/wp\/v2\/product"}],"about":[{"href":"https:\/\/lucacastelli.com\/de\/wp-json\/wp\/v2\/types\/product"}],"wp:featuredmedia":[{"embeddable":true,"href":"https:\/\/lucacastelli.com\/de\/wp-json\/wp\/v2\/media\/558830"}],"wp:attachment":[{"href":"https:\/\/lucacastelli.com\/de\/wp-json\/wp\/v2\/media?parent=605028"}],"wp:term":[{"taxonomy":"product_brand","embeddable":true,"href":"https:\/\/lucacastelli.com\/de\/wp-json\/wp\/v2\/product_brand?post=605028"},{"taxonomy":"product_cat","embeddable":true,"href":"https:\/\/lucacastelli.com\/de\/wp-json\/wp\/v2\/product_cat?post=605028"},{"taxonomy":"product_tag","embeddable":true,"href":"https:\/\/lucacastelli.com\/de\/wp-json\/wp\/v2\/product_tag?post=605028"}],"curies":[{"name":"wp","href":"https:\/\/api.w.org\/{rel}","templated":true}]}}