{"id":605024,"date":"2025-08-10T18:01:12","date_gmt":"2025-08-10T16:01:12","guid":{"rendered":"https:\/\/lucacastelli.com\/prodotto\/milwaukee-freischneider-bike-faden-klinge-doppelbatterie-2x18v-m18-fuel\/"},"modified":"2025-08-10T18:01:12","modified_gmt":"2025-08-10T16:01:12","slug":"milwaukee-freischneider-bike-faden-klinge-doppelbatterie-2x18v-m18-fuel","status":"publish","type":"product","link":"https:\/\/lucacastelli.com\/de\/produkt\/milwaukee-freischneider-bike-faden-klinge-doppelbatterie-2x18v-m18-fuel\/","title":{"rendered":"MILWAUKEE Freischneider Bike Faden\/Klinge Doppelbatterie (2x18V) M18 FUEL\u2122"},"content":{"rendered":"<p>Freischneider Bike Faden\/Klinge Doppelbatterie (2x18V) M18 FUEL\u2122<br \/>\nM18 F2BCU-0 \/ GARTENWERKZEUGE<br \/>\nLeistungsstarker und robuster Freischneider, entwickelt zum Entfernen von hohem und dichtem Gras, Unkraut und dichtem Gestr\u00fcpp;Die M18 FUEL\u2122-Technologie erm\u00f6glicht es dem Werkzeug, die volle Geschwindigkeit unter Belastung beizubehalten, ohne zu verlangsamen;Sofortige Reaktion des Gashebels f\u00fcr optimale Kontrolle und h\u00f6here Produktivit\u00e4t;Vielseitig: enth\u00e4lt Spule mit Faden f\u00fcr eine Schnittbreite von 38-43 cm und 3-Zahn-Klinge f\u00fcr anspruchsvollere Anwendungen;2 Geschwindigkeitseinstellungen (0-4900, 0-5500 U\/min) f\u00fcr maximale Leistung oder verl\u00e4ngerte Laufzeit;Die klappbare Verriegelungsvorrichtung erm\u00f6glicht dem Benutzer, den Griff schnell f\u00fcr eine ergonomische Arbeitsposition einzustellen;Optimiertes Design des Freischneider-Schutzes f\u00fcr bessere Materialr\u00fcckhaltung;Die FUEL\u2122-Technologie definiert Akku-Elektrowerkzeuge neu. Der b\u00fcrstenlose Motor, die REDLINK PLUS\u2122-Elektronik und der REDLITHIUM\u2122-Akku bieten \u00fcberlegene Leistung und Haltbarkeit;Funktioniert mit allen M18\u2122 MILWAUKEE\u00ae-Akkus <\/p>\n<p>4933480859<br \/>\n4058546411442<\/p>\n","protected":false},"excerpt":{"rendered":"<p>M18 F2BCU-0 \/ GARTENWERKZEUGE<\/p>\n","protected":false},"featured_media":590686,"template":"","meta":{"_seopress_robots_primary_cat":"","_seopress_titles_title":"","_seopress_titles_desc":"","_seopress_robots_index":""},"product_brand":[3656],"product_cat":[1609,1581,169],"product_tag":[3272],"class_list":{"0":"post-605024","1":"product","2":"type-product","3":"status-publish","4":"has-post-thumbnail","6":"product_brand-milwaukee-de","7":"product_cat-akkubetriebene-freischneider-und-trimmer","8":"product_cat-freischneider-und-trimmer","9":"product_cat-maschinen","10":"product_tag-import-milwau-de","11":"sws-conto-ricavi-merci-rivendita-macchinari-de","12":"sws-gruppo-iva-iva81-de","14":"first","15":"onbackorder","16":"sale","17":"shipping-taxable","18":"purchasable","19":"product-type-simple"},"_links":{"self":[{"href":"https:\/\/lucacastelli.com\/de\/wp-json\/wp\/v2\/product\/605024","targetHints":{"allow":["GET"]}}],"collection":[{"href":"https:\/\/lucacastelli.com\/de\/wp-json\/wp\/v2\/product"}],"about":[{"href":"https:\/\/lucacastelli.com\/de\/wp-json\/wp\/v2\/types\/product"}],"wp:featuredmedia":[{"embeddable":true,"href":"https:\/\/lucacastelli.com\/de\/wp-json\/wp\/v2\/media\/590686"}],"wp:attachment":[{"href":"https:\/\/lucacastelli.com\/de\/wp-json\/wp\/v2\/media?parent=605024"}],"wp:term":[{"taxonomy":"product_brand","embeddable":true,"href":"https:\/\/lucacastelli.com\/de\/wp-json\/wp\/v2\/product_brand?post=605024"},{"taxonomy":"product_cat","embeddable":true,"href":"https:\/\/lucacastelli.com\/de\/wp-json\/wp\/v2\/product_cat?post=605024"},{"taxonomy":"product_tag","embeddable":true,"href":"https:\/\/lucacastelli.com\/de\/wp-json\/wp\/v2\/product_tag?post=605024"}],"curies":[{"name":"wp","href":"https:\/\/api.w.org\/{rel}","templated":true}]}}