{"id":605022,"date":"2025-08-10T17:58:26","date_gmt":"2025-08-10T15:58:26","guid":{"rendered":"https:\/\/lucacastelli.com\/prodotto\/milwaukee-automatischer-switch-pack-zufuehrer-fuer-m18-ffsdc-rohrreiniger\/"},"modified":"2025-08-10T17:58:26","modified_gmt":"2025-08-10T15:58:26","slug":"milwaukee-automatischer-switch-pack-zufuehrer-fuer-m18-ffsdc-rohrreiniger","status":"publish","type":"product","link":"https:\/\/lucacastelli.com\/de\/produkt\/milwaukee-automatischer-switch-pack-zufuehrer-fuer-m18-ffsdc-rohrreiniger\/","title":{"rendered":"MILWAUKEE Automatischer SWITCH PACK\u2122 Zuf\u00fchrer f\u00fcr M18 FFSDC Rohrreiniger"},"content":{"rendered":"<p>AUTOMATISCHER ZUF\u00dcHRER F\u00dcR M18FFSDC ROHRREINIGER<br \/>\nKompatibel mit allen Rohrreinigern der FFSDC-Serie, erm\u00f6glicht der automatische SWITCH PACK\u2122 Zuf\u00fchrer dem Benutzer, seine M18 FFSDC-Serie zu verbessern, indem er einen automatischen Zuf\u00fchrer f\u00fcr Rohrreiniger bereitstellt;Kompatibel mit MILWAUKEE\u00a9 Spiralen 8 mm x 23 m, 10 mm x 15 m, 13 mm x 15 m und 16 mm x 15 m;RAPIDSTOP\u2122 System zum Unterbrechen der \u201eZuf\u00fchrung, wenn die Verstopfung erreicht wird, um Besch\u00e4digungen der Spirale zu verhindern;Ratschenhebel zur automatischen Regulierung der Spirale;Einstellbare Aktivierung f\u00fcr Zuf\u00fchrung, R\u00fcckzug und Leerlauf;Vorschub- und R\u00fcckzugsgeschwindigkeit von 4,5 m &#8211; 6 m pro Minute;F\u00e4higkeit, die Spirale manuell oder automatisch zu- und abzuf\u00fchren;Einfacher Wechsel des Zuf\u00fchrers zwischen verschiedenen Trommeln;Geliefert mit 1 Grundplatte<\/p>\n<p>4932471993<br \/>\n4058546298920<\/p>\n","protected":false},"excerpt":{"rendered":"<p>AUTOMATISCHER ZUF\u00dcHRER F\u00dcR M18FFSDC ROHRREINIGER<\/p>\n","protected":false},"featured_media":538714,"template":"","meta":{"_seopress_robots_primary_cat":"","_seopress_titles_title":"","_seopress_titles_desc":"","_seopress_robots_index":""},"product_brand":[3407],"product_cat":[29,491],"product_tag":[3270],"class_list":{"0":"post-605022","1":"product","2":"type-product","3":"status-publish","4":"has-post-thumbnail","6":"product_brand-milwaukee","7":"product_cat-macchinari","8":"product_cat-accessori-sistemi-a-batteria","9":"product_tag-import-milwau","10":"sws-conto-ricavi-merci-rivendita-macchinari-de","11":"sws-gruppo-iva-iva81-de","13":"first","14":"onbackorder","15":"sale","16":"shipping-taxable","17":"purchasable","18":"product-type-simple"},"_links":{"self":[{"href":"https:\/\/lucacastelli.com\/de\/wp-json\/wp\/v2\/product\/605022","targetHints":{"allow":["GET"]}}],"collection":[{"href":"https:\/\/lucacastelli.com\/de\/wp-json\/wp\/v2\/product"}],"about":[{"href":"https:\/\/lucacastelli.com\/de\/wp-json\/wp\/v2\/types\/product"}],"wp:featuredmedia":[{"embeddable":true,"href":"https:\/\/lucacastelli.com\/de\/wp-json\/wp\/v2\/media\/538714"}],"wp:attachment":[{"href":"https:\/\/lucacastelli.com\/de\/wp-json\/wp\/v2\/media?parent=605022"}],"wp:term":[{"taxonomy":"product_brand","embeddable":true,"href":"https:\/\/lucacastelli.com\/de\/wp-json\/wp\/v2\/product_brand?post=605022"},{"taxonomy":"product_cat","embeddable":true,"href":"https:\/\/lucacastelli.com\/de\/wp-json\/wp\/v2\/product_cat?post=605022"},{"taxonomy":"product_tag","embeddable":true,"href":"https:\/\/lucacastelli.com\/de\/wp-json\/wp\/v2\/product_tag?post=605022"}],"curies":[{"name":"wp","href":"https:\/\/api.w.org\/{rel}","templated":true}]}}