{"id":605017,"date":"2025-08-10T18:00:09","date_gmt":"2025-08-10T16:00:09","guid":{"rendered":"https:\/\/lucacastelli.com\/prodotto\/milwaukee-ersatz-buerstenwalze-fuer-m18foph\/"},"modified":"2025-08-10T18:00:09","modified_gmt":"2025-08-10T16:00:09","slug":"milwaukee-ersatz-buerstenwalze-fuer-m18foph","status":"publish","type":"product","link":"https:\/\/lucacastelli.com\/de\/produkt\/milwaukee-ersatz-buerstenwalze-fuer-m18foph\/","title":{"rendered":"MILWAUKEE Ersatz-B\u00fcrstenwalze f\u00fcr M18FOPH"},"content":{"rendered":"<p>Ersatz-B\u00fcrstenwalze f\u00fcr M18FOPH<br \/>\nM18 FOPH QUIK-LOK\u2122 Ersatzb\u00fcrsten B\u00fcrstenwalze<\/p>\n<p>4932499150<br \/>\n4058546530198<\/p>\n","protected":false},"excerpt":{"rendered":"<p>Ersatz-B\u00fcrstenwalze f\u00fcr M18FOPH<\/p>\n","protected":false},"featured_media":597813,"template":"","meta":{"_seopress_robots_primary_cat":"","_seopress_titles_title":"","_seopress_titles_desc":"","_seopress_robots_index":""},"product_brand":[3656],"product_cat":[1639,169],"product_tag":[3272],"class_list":{"0":"post-605017","1":"product","2":"type-product","3":"status-publish","4":"has-post-thumbnail","6":"product_brand-milwaukee-de","7":"product_cat-kombi-und-multi-systeme","8":"product_cat-maschinen","9":"product_tag-import-milwau-de","10":"sws-conto-ricavi-merci-rivendita-macchinari-de","11":"sws-gruppo-iva-iva81-de","13":"first","14":"onbackorder","15":"sale","16":"shipping-taxable","17":"purchasable","18":"product-type-simple"},"_links":{"self":[{"href":"https:\/\/lucacastelli.com\/de\/wp-json\/wp\/v2\/product\/605017","targetHints":{"allow":["GET"]}}],"collection":[{"href":"https:\/\/lucacastelli.com\/de\/wp-json\/wp\/v2\/product"}],"about":[{"href":"https:\/\/lucacastelli.com\/de\/wp-json\/wp\/v2\/types\/product"}],"wp:featuredmedia":[{"embeddable":true,"href":"https:\/\/lucacastelli.com\/de\/wp-json\/wp\/v2\/media\/597813"}],"wp:attachment":[{"href":"https:\/\/lucacastelli.com\/de\/wp-json\/wp\/v2\/media?parent=605017"}],"wp:term":[{"taxonomy":"product_brand","embeddable":true,"href":"https:\/\/lucacastelli.com\/de\/wp-json\/wp\/v2\/product_brand?post=605017"},{"taxonomy":"product_cat","embeddable":true,"href":"https:\/\/lucacastelli.com\/de\/wp-json\/wp\/v2\/product_cat?post=605017"},{"taxonomy":"product_tag","embeddable":true,"href":"https:\/\/lucacastelli.com\/de\/wp-json\/wp\/v2\/product_tag?post=605017"}],"curies":[{"name":"wp","href":"https:\/\/api.w.org\/{rel}","templated":true}]}}