{"id":605015,"date":"2025-08-10T18:03:25","date_gmt":"2025-08-10T16:03:25","guid":{"rendered":"https:\/\/lucacastelli.com\/prodotto\/milwaukee-4-teiliges-slim-box-wasserwaagen-set\/"},"modified":"2025-12-06T20:06:40","modified_gmt":"2025-12-06T19:06:40","slug":"milwaukee-4-teiliges-slim-box-wasserwaagen-set","status":"publish","type":"product","link":"https:\/\/lucacastelli.com\/de\/produkt\/milwaukee-4-teiliges-slim-box-wasserwaagen-set\/","title":{"rendered":"MILWAUKEE 4-teiliges Slim Box Wasserwaagen-Set"},"content":{"rendered":"<p>4-teiliges Slim Box Wasserwaagen-Set<br \/>\nMinibox-Wasserwaage 10 cm;Wasserwaage mit rechteckigem Aluminiumprofil, leicht und kompakt f\u00fcr einfache Aufbewahrung;Sto\u00dffeste und UV-best\u00e4ndige Acryl-Libelle;Sto\u00dfabsorbierende Endkappen;Genauigkeit 0,029\u00b0 (0,0005 Zoll\/in, 0,5 mm\/m) in Standardposition;Von einer unabh\u00e4ngigen Stelle (VPA) zertifizierter Genauigkeitsgrad;Slim-Wasserwaage 60 cm;2 Acryl-Libellen f\u00fcr maximale Sto\u00df- und UV-Best\u00e4ndigkeit;Gefr\u00e4ste Oberfl\u00e4che bis 120 cm garantiert h\u00f6chste Genauigkeit;Sto\u00dffeste Gummiendkappen;Der rutschfeste Griff verhindert das Verrutschen der Wasserwaage w\u00e4hrend der Messung;Robuste Aufh\u00e4nge\u00f6ffnung f\u00fcr einfache Aufbewahrung;Von einer unabh\u00e4ngigen Stelle (VPA) zertifizierter Genauigkeitsgrad;Genauigkeit 0,029\u00b0 (0,0005 Zoll\/in, 0,5 mm\/m) in Standardposition;Slim-Wasserwaage 120 cm;2 Acryl-Libellen f\u00fcr maximale Sto\u00df- und UV-Best\u00e4ndigkeit;Gefr\u00e4ste Oberfl\u00e4che bis 120 cm garantiert h\u00f6chste Genauigkeit;Sto\u00dffeste Gummiendkappen;Der rutschfeste Griff verhindert das Verrutschen der Wasserwaage w\u00e4hrend der Messung;Robuste Aufh\u00e4nge\u00f6ffnung f\u00fcr einfache Aufbewahrung;Von einer unabh\u00e4ngigen Stelle (VPA) zertifizierter Genauigkeitsgrad;Genauigkeit 0,029\u00b0 (0,0005 Zoll\/in, 0,5 mm\/m) in Standardposition;Slim-Wasserwaage 180 cm;2 Acryl-Libellen f\u00fcr maximale Sto\u00df- und UV-Best\u00e4ndigkeit;Gefr\u00e4ste Oberfl\u00e4che bis 120 cm garantiert h\u00f6chste Genauigkeit;Sto\u00dffeste Gummiendkappen;Der rutschfeste Griff verhindert das Verrutschen der Wasserwaage w\u00e4hrend der Messung;Robuste Aufh\u00e4nge\u00f6ffnung f\u00fcr einfache Aufbewahrung;Von einer unabh\u00e4ngigen Stelle (VPA) zertifizierter Genauigkeitsgrad;Genauigkeit 0,029\u00b0 (0,0005 Zoll\/in, 0,5 mm\/m) in Standardposition<\/p>\n<p>4932478898<br \/>\n4058546361808<\/p>\n","protected":false},"excerpt":{"rendered":"<p>4-teiliges Slim Box Wasserwaagen-Set<\/p>\n","protected":false},"featured_media":542213,"template":"","meta":{"_seopress_robots_primary_cat":"","_seopress_titles_title":"","_seopress_titles_desc":"","_seopress_robots_index":""},"product_brand":[3656],"product_cat":[1454,169,1470],"product_tag":[3272],"class_list":{"0":"post-605015","1":"product","2":"type-product","3":"status-publish","4":"has-post-thumbnail","6":"product_brand-milwaukee-de","7":"product_cat-andere-gerate","8":"product_cat-maschinen","9":"product_cat-messgerate","10":"product_tag-import-milwau-de","11":"sws-conto-ricavi-merci-rivendita-macchinari-de","12":"sws-gruppo-iva-iva81-de","14":"first","15":"onbackorder","16":"shipping-taxable","17":"purchasable","18":"product-type-simple"},"_links":{"self":[{"href":"https:\/\/lucacastelli.com\/de\/wp-json\/wp\/v2\/product\/605015","targetHints":{"allow":["GET"]}}],"collection":[{"href":"https:\/\/lucacastelli.com\/de\/wp-json\/wp\/v2\/product"}],"about":[{"href":"https:\/\/lucacastelli.com\/de\/wp-json\/wp\/v2\/types\/product"}],"wp:featuredmedia":[{"embeddable":true,"href":"https:\/\/lucacastelli.com\/de\/wp-json\/wp\/v2\/media\/542213"}],"wp:attachment":[{"href":"https:\/\/lucacastelli.com\/de\/wp-json\/wp\/v2\/media?parent=605015"}],"wp:term":[{"taxonomy":"product_brand","embeddable":true,"href":"https:\/\/lucacastelli.com\/de\/wp-json\/wp\/v2\/product_brand?post=605015"},{"taxonomy":"product_cat","embeddable":true,"href":"https:\/\/lucacastelli.com\/de\/wp-json\/wp\/v2\/product_cat?post=605015"},{"taxonomy":"product_tag","embeddable":true,"href":"https:\/\/lucacastelli.com\/de\/wp-json\/wp\/v2\/product_tag?post=605015"}],"curies":[{"name":"wp","href":"https:\/\/api.w.org\/{rel}","templated":true}]}}