{"id":605012,"date":"2025-08-10T18:16:49","date_gmt":"2025-08-10T16:16:49","guid":{"rendered":"https:\/\/lucacastelli.com\/prodotto\/milwaukee-2-gang-trockenbohrmaschine\/"},"modified":"2025-08-10T18:16:49","modified_gmt":"2025-08-10T16:16:49","slug":"milwaukee-2-gang-trockenbohrmaschine","status":"publish","type":"product","link":"https:\/\/lucacastelli.com\/de\/produkt\/milwaukee-2-gang-trockenbohrmaschine\/","title":{"rendered":"MILWAUKEE 2-Gang-Trockenbohrmaschine"},"content":{"rendered":"<p>DD 2-160 XE\/KERNBOHRMASCHINEN<br \/>\nRobuster Motor f\u00fcr hohes Drehmoment;Doppelter Schutz durch elektronische und mechanische Kupplung zum Schutz von Werkzeug und Bediener;Robuste Konstruktion mit Metallgetriebe;Vibrationsarmer vorderer Griff und D-f\u00f6rmiger hinterer Griff f\u00fcr mehr Sicherheit;2 mechanische G\u00e4nge;Spezieller M16-Adapter mit FIXTEC\u2122-Technologie (M18 x 2,5 Bohrkronenanschluss);Weicher Schlagmodus, der es den Bohrkronen erm\u00f6glicht, schneller und einfacher zu arbeiten;Sanftanlauf mit Geschwindigkeitskontrolle;FIXTEC\u2122 Cleanline Rotor (zus\u00e4tzliches Zubeh\u00f6r) als beste L\u00f6sung f\u00fcr die Staubabsaugung;4 m Kabel<\/p>\n<p>4933368690<br \/>\n4002395232505<\/p>\n","protected":false},"excerpt":{"rendered":"<p>DD 2-160 XE\/KERNBOHRMASCHINEN<\/p>\n","protected":false},"featured_media":568115,"template":"","meta":{"_seopress_robots_primary_cat":"","_seopress_titles_title":"","_seopress_titles_desc":"","_seopress_robots_index":""},"product_brand":[3407],"product_cat":[5531,29,514],"product_tag":[3270],"class_list":{"0":"post-605012","1":"product","2":"type-product","3":"status-publish","4":"has-post-thumbnail","6":"product_brand-milwaukee","7":"product_cat-vari-macchinari-milwaukee","8":"product_cat-macchinari","9":"product_cat-altri-dispositivi","10":"product_tag-import-milwau","11":"sws-conto-ricavi-merci-rivendita-macchinari-de","12":"sws-gruppo-iva-iva81-de","14":"first","15":"onbackorder","16":"sale","17":"shipping-taxable","18":"purchasable","19":"product-type-simple"},"_links":{"self":[{"href":"https:\/\/lucacastelli.com\/de\/wp-json\/wp\/v2\/product\/605012","targetHints":{"allow":["GET"]}}],"collection":[{"href":"https:\/\/lucacastelli.com\/de\/wp-json\/wp\/v2\/product"}],"about":[{"href":"https:\/\/lucacastelli.com\/de\/wp-json\/wp\/v2\/types\/product"}],"wp:featuredmedia":[{"embeddable":true,"href":"https:\/\/lucacastelli.com\/de\/wp-json\/wp\/v2\/media\/568115"}],"wp:attachment":[{"href":"https:\/\/lucacastelli.com\/de\/wp-json\/wp\/v2\/media?parent=605012"}],"wp:term":[{"taxonomy":"product_brand","embeddable":true,"href":"https:\/\/lucacastelli.com\/de\/wp-json\/wp\/v2\/product_brand?post=605012"},{"taxonomy":"product_cat","embeddable":true,"href":"https:\/\/lucacastelli.com\/de\/wp-json\/wp\/v2\/product_cat?post=605012"},{"taxonomy":"product_tag","embeddable":true,"href":"https:\/\/lucacastelli.com\/de\/wp-json\/wp\/v2\/product_tag?post=605012"}],"curies":[{"name":"wp","href":"https:\/\/api.w.org\/{rel}","templated":true}]}}