{"id":605006,"date":"2025-08-10T18:16:46","date_gmt":"2025-08-10T16:16:46","guid":{"rendered":"https:\/\/lucacastelli.com\/prodotto\/milwaukee-3-gang-kernbohrmaschine-fuer-nass-und-trockenbohrungen\/"},"modified":"2025-08-10T18:16:46","modified_gmt":"2025-08-10T16:16:46","slug":"milwaukee-3-gang-kernbohrmaschine-fuer-nass-und-trockenbohrungen","status":"publish","type":"product","link":"https:\/\/lucacastelli.com\/de\/produkt\/milwaukee-3-gang-kernbohrmaschine-fuer-nass-und-trockenbohrungen\/","title":{"rendered":"MILWAUKEE 3-Gang-Kernbohrmaschine f\u00fcr Nass- und Trockenbohrungen"},"content":{"rendered":"<p>DD3-152\/KERNBOHRMASCHINEN<br \/>\nLeistungsstarker 1900 W Motor;3 Geschwindigkeiten ideal f\u00fcr gro\u00dfe und kleine Bohrkronen;Sanftanlauf mit Geschwindigkeitskontrolle;LED-Anzeige f\u00fcr Motor\u00fcberhitzung f\u00fcr maximalen Schutz;Sicherheitskupplung;Quick-in &#8211; sichere Verbindungsbefestigung f\u00fcr erh\u00f6hte Benutzerfreundlichkeit und deutlich reduzierte Vibrationen;L-f\u00f6rmiges Design f\u00fcr bessere Balance;3 mechanische Geschwindigkeiten;5 m Kabel mit PRCD<\/p>\n<p>4933428000<br \/>\n4002395239801<\/p>\n","protected":false},"excerpt":{"rendered":"<p>DD3-152\/KERNBOHRMASCHINEN<\/p>\n","protected":false},"featured_media":569333,"template":"","meta":{"_seopress_robots_primary_cat":"","_seopress_titles_title":"","_seopress_titles_desc":"","_seopress_robots_index":""},"product_brand":[3407],"product_cat":[5531,29,514],"product_tag":[3270],"class_list":{"0":"post-605006","1":"product","2":"type-product","3":"status-publish","4":"has-post-thumbnail","6":"product_brand-milwaukee","7":"product_cat-vari-macchinari-milwaukee","8":"product_cat-macchinari","9":"product_cat-altri-dispositivi","10":"product_tag-import-milwau","11":"sws-conto-ricavi-merci-rivendita-macchinari-de","12":"sws-gruppo-iva-iva81-de","14":"first","15":"onbackorder","16":"sale","17":"shipping-taxable","18":"purchasable","19":"product-type-simple"},"_links":{"self":[{"href":"https:\/\/lucacastelli.com\/de\/wp-json\/wp\/v2\/product\/605006","targetHints":{"allow":["GET"]}}],"collection":[{"href":"https:\/\/lucacastelli.com\/de\/wp-json\/wp\/v2\/product"}],"about":[{"href":"https:\/\/lucacastelli.com\/de\/wp-json\/wp\/v2\/types\/product"}],"wp:featuredmedia":[{"embeddable":true,"href":"https:\/\/lucacastelli.com\/de\/wp-json\/wp\/v2\/media\/569333"}],"wp:attachment":[{"href":"https:\/\/lucacastelli.com\/de\/wp-json\/wp\/v2\/media?parent=605006"}],"wp:term":[{"taxonomy":"product_brand","embeddable":true,"href":"https:\/\/lucacastelli.com\/de\/wp-json\/wp\/v2\/product_brand?post=605006"},{"taxonomy":"product_cat","embeddable":true,"href":"https:\/\/lucacastelli.com\/de\/wp-json\/wp\/v2\/product_cat?post=605006"},{"taxonomy":"product_tag","embeddable":true,"href":"https:\/\/lucacastelli.com\/de\/wp-json\/wp\/v2\/product_tag?post=605006"}],"curies":[{"name":"wp","href":"https:\/\/api.w.org\/{rel}","templated":true}]}}