{"id":605002,"date":"2025-08-10T18:08:56","date_gmt":"2025-08-10T16:08:56","guid":{"rendered":"https:\/\/lucacastelli.com\/prodotto\/milwaukee-du-300\/"},"modified":"2025-08-10T18:08:56","modified_gmt":"2025-08-10T16:08:56","slug":"milwaukee-du-300","status":"publish","type":"product","link":"https:\/\/lucacastelli.com\/de\/produkt\/milwaukee-du-300\/","title":{"rendered":"MILWAUKEE DU 300"},"content":{"rendered":"<p>DIAMANTSCHEIBE DU 300MM<br \/>\nDiamantscheibe f\u00fcr allgemeine Anwendungen. Bietet gute Leistung in Bezug auf Geschwindigkeit und Haltbarkeit. Anwendungen: ideal f\u00fcr Lochziegel und Hohlbetonbl\u00f6cke.   <\/p>\n<p>4932493332<br \/>\n4058546482039<\/p>\n","protected":false},"excerpt":{"rendered":"<p>DIAMANTSCHEIBE DU 300MM <\/p>\n","protected":false},"featured_media":561988,"template":"","meta":{"_seopress_robots_primary_cat":"","_seopress_titles_title":"","_seopress_titles_desc":"","_seopress_robots_index":""},"product_brand":[3407],"product_cat":[29,515,495,496],"product_tag":[3270],"class_list":{"0":"post-605002","1":"product","2":"type-product","3":"status-publish","4":"has-post-thumbnail","6":"product_brand-milwaukee","7":"product_cat-macchinari","8":"product_cat-accessori-e-materiale-di-consumo-altri-dispositivi","9":"product_cat-troncatrici-e-mototroncatrici","10":"product_cat-troncatrici","11":"product_tag-import-milwau","12":"sws-conto-ricavi-merci-rivendita-macchinari-de","13":"sws-gruppo-iva-iva81-de","15":"first","16":"onbackorder","17":"sale","18":"shipping-taxable","19":"purchasable","20":"product-type-simple"},"_links":{"self":[{"href":"https:\/\/lucacastelli.com\/de\/wp-json\/wp\/v2\/product\/605002","targetHints":{"allow":["GET"]}}],"collection":[{"href":"https:\/\/lucacastelli.com\/de\/wp-json\/wp\/v2\/product"}],"about":[{"href":"https:\/\/lucacastelli.com\/de\/wp-json\/wp\/v2\/types\/product"}],"wp:featuredmedia":[{"embeddable":true,"href":"https:\/\/lucacastelli.com\/de\/wp-json\/wp\/v2\/media\/561988"}],"wp:attachment":[{"href":"https:\/\/lucacastelli.com\/de\/wp-json\/wp\/v2\/media?parent=605002"}],"wp:term":[{"taxonomy":"product_brand","embeddable":true,"href":"https:\/\/lucacastelli.com\/de\/wp-json\/wp\/v2\/product_brand?post=605002"},{"taxonomy":"product_cat","embeddable":true,"href":"https:\/\/lucacastelli.com\/de\/wp-json\/wp\/v2\/product_cat?post=605002"},{"taxonomy":"product_tag","embeddable":true,"href":"https:\/\/lucacastelli.com\/de\/wp-json\/wp\/v2\/product_tag?post=605002"}],"curies":[{"name":"wp","href":"https:\/\/api.w.org\/{rel}","templated":true}]}}