{"id":605001,"date":"2025-08-10T18:17:01","date_gmt":"2025-08-10T16:17:01","guid":{"rendered":"https:\/\/lucacastelli.com\/prodotto\/milwaukee-oberfraese-m18-fuel-mit-12-mm-spannzange\/"},"modified":"2025-08-10T18:17:01","modified_gmt":"2025-08-10T16:17:01","slug":"milwaukee-oberfraese-m18-fuel-mit-12-mm-spannzange","status":"publish","type":"product","link":"https:\/\/lucacastelli.com\/de\/produkt\/milwaukee-oberfraese-m18-fuel-mit-12-mm-spannzange\/","title":{"rendered":"MILWAUKEE Oberfr\u00e4se M18 FUEL\u2122 mit 12 mm Spannzange"},"content":{"rendered":"<p>M18FR12KIT-0P\/OBERFR\u00c4SEN<br \/>\nDer b\u00fcrstenlose POWERSTATE\u2122-Motor in Kombination mit den HIGH OUTPUT\u2122 5,5 Ah Akkus garantiert eine konstante Leistung, die der einer kabelgebundenen Maschine entspricht und \u00dcberhitzung vermeidet;Variable Geschwindigkeit von 12.000 bis 25.000 Umdrehungen pro Minute f\u00fcr pr\u00e4zise und genaue Fr\u00e4sarbeiten;System zur Mikro-Tiefeneinstellung und klare Sicht auf den Fr\u00e4ser w\u00e4hrend des \u201eSchneidvorgangs;Die beste von Milwaukee hergestellte Oberfr\u00e4se sowohl in Bezug auf Schnittqualit\u00e4t als auch auf die Menge des entfernten Materials;Kann dank der ausgezeichneten Balance und des bequemen Griffs auch \u00fcber l\u00e4ngere Zeitr\u00e4ume problemlos mit einer Hand verwendet werden\u201c;Mit den Parallelf\u00fchrungen k\u00f6nnen lineare und pr\u00e4zise Schnitte durchgef\u00fchrt werden;Spannzangen von 12 mm und 8 mm, von 1\/2\u02dd und 1\/4\u02dd;Die doppelte LED-Beleuchtung erhellt den \u201eArbeitsbereich;DEK 26-Anschluss zum Anschlie\u00dfen von Milwaukee-Absaugger\u00e4ten;Die FUEL\u2122-Technologie definiert Akku-Elektrowerkzeuge neu. Der b\u00fcrstenlose Motor, die\u201c REDLINK PLUS\u2122-Elektronik und der REDLITHIUM\u2122-Akku bieten \u00fcberlegene Leistung und Haltbarkeit;Funktioniert mit allen M18\u2122 MILWAUKEE\u00ae Akkus<\/p>\n<p>4933493305<br \/>\n4058546481766<\/p>\n","protected":false},"excerpt":{"rendered":"<p>M18FR12KIT-0P\/OBERFR\u00c4SEN<\/p>\n","protected":false},"featured_media":585449,"template":"","meta":{"_seopress_robots_primary_cat":"","_seopress_titles_title":"","_seopress_titles_desc":"","_seopress_robots_index":""},"product_brand":[3407],"product_cat":[5531,29,514],"product_tag":[3270],"class_list":{"0":"post-605001","1":"product","2":"type-product","3":"status-publish","4":"has-post-thumbnail","6":"product_brand-milwaukee","7":"product_cat-vari-macchinari-milwaukee","8":"product_cat-macchinari","9":"product_cat-altri-dispositivi","10":"product_tag-import-milwau","11":"sws-conto-ricavi-merci-rivendita-macchinari-de","12":"sws-gruppo-iva-iva81-de","14":"first","15":"onbackorder","16":"sale","17":"shipping-taxable","18":"purchasable","19":"product-type-simple"},"_links":{"self":[{"href":"https:\/\/lucacastelli.com\/de\/wp-json\/wp\/v2\/product\/605001","targetHints":{"allow":["GET"]}}],"collection":[{"href":"https:\/\/lucacastelli.com\/de\/wp-json\/wp\/v2\/product"}],"about":[{"href":"https:\/\/lucacastelli.com\/de\/wp-json\/wp\/v2\/types\/product"}],"wp:featuredmedia":[{"embeddable":true,"href":"https:\/\/lucacastelli.com\/de\/wp-json\/wp\/v2\/media\/585449"}],"wp:attachment":[{"href":"https:\/\/lucacastelli.com\/de\/wp-json\/wp\/v2\/media?parent=605001"}],"wp:term":[{"taxonomy":"product_brand","embeddable":true,"href":"https:\/\/lucacastelli.com\/de\/wp-json\/wp\/v2\/product_brand?post=605001"},{"taxonomy":"product_cat","embeddable":true,"href":"https:\/\/lucacastelli.com\/de\/wp-json\/wp\/v2\/product_cat?post=605001"},{"taxonomy":"product_tag","embeddable":true,"href":"https:\/\/lucacastelli.com\/de\/wp-json\/wp\/v2\/product_tag?post=605001"}],"curies":[{"name":"wp","href":"https:\/\/api.w.org\/{rel}","templated":true}]}}