{"id":605000,"date":"2025-08-10T18:21:06","date_gmt":"2025-08-10T16:21:06","guid":{"rendered":"https:\/\/lucacastelli.com\/prodotto\/milwaukee-digitaler-winkelmesser\/"},"modified":"2025-08-10T18:21:06","modified_gmt":"2025-08-10T16:21:06","slug":"milwaukee-digitaler-winkelmesser","status":"publish","type":"product","link":"https:\/\/lucacastelli.com\/de\/produkt\/milwaukee-digitaler-winkelmesser\/","title":{"rendered":"MILWAUKEE Digitaler Winkelmesser"},"content":{"rendered":"<p>Digitaler Winkelmesser<br \/>\nDas Ger\u00e4t bietet eine einfache digitale Navigation dank der \u00fcbersichtlichen Anzeige von Funktionen und Informationen; Das Display dreht sich automatisch und die Winkel-Leitpfeile zeigen auf die n\u00e4chsten 90-Grad-Winkel, um Winkel schnell zu bestimmen; Verst\u00e4rkte Seltenerdmagnete: haften fest, unabh\u00e4ngig von der Ausrichtung, und erh\u00f6hen die Produktivit\u00e4t<\/p>\n<p>4932493656<br \/>\n4058546485276<\/p>\n","protected":false},"excerpt":{"rendered":"<p>Digitaler Winkelmesser<\/p>\n","protected":false},"featured_media":563107,"template":"","meta":{"_seopress_robots_primary_cat":"","_seopress_titles_title":"","_seopress_titles_desc":"","_seopress_robots_index":""},"product_brand":[3407],"product_cat":[29,514,551],"product_tag":[3270],"class_list":{"0":"post-605000","1":"product","2":"type-product","3":"status-publish","4":"has-post-thumbnail","6":"product_brand-milwaukee","7":"product_cat-macchinari","8":"product_cat-altri-dispositivi","9":"product_cat-apparecchi-di-misurazione","10":"product_tag-import-milwau","11":"sws-conto-ricavi-merci-rivendita-macchinari-de","12":"sws-gruppo-iva-iva81-de","14":"first","15":"onbackorder","16":"shipping-taxable","17":"purchasable","18":"product-type-simple"},"_links":{"self":[{"href":"https:\/\/lucacastelli.com\/de\/wp-json\/wp\/v2\/product\/605000","targetHints":{"allow":["GET"]}}],"collection":[{"href":"https:\/\/lucacastelli.com\/de\/wp-json\/wp\/v2\/product"}],"about":[{"href":"https:\/\/lucacastelli.com\/de\/wp-json\/wp\/v2\/types\/product"}],"wp:featuredmedia":[{"embeddable":true,"href":"https:\/\/lucacastelli.com\/de\/wp-json\/wp\/v2\/media\/563107"}],"wp:attachment":[{"href":"https:\/\/lucacastelli.com\/de\/wp-json\/wp\/v2\/media?parent=605000"}],"wp:term":[{"taxonomy":"product_brand","embeddable":true,"href":"https:\/\/lucacastelli.com\/de\/wp-json\/wp\/v2\/product_brand?post=605000"},{"taxonomy":"product_cat","embeddable":true,"href":"https:\/\/lucacastelli.com\/de\/wp-json\/wp\/v2\/product_cat?post=605000"},{"taxonomy":"product_tag","embeddable":true,"href":"https:\/\/lucacastelli.com\/de\/wp-json\/wp\/v2\/product_tag?post=605000"}],"curies":[{"name":"wp","href":"https:\/\/api.w.org\/{rel}","templated":true}]}}