{"id":604999,"date":"2025-08-10T18:16:55","date_gmt":"2025-08-10T16:16:55","guid":{"rendered":"https:\/\/lucacastelli.com\/prodotto\/milwaukee-led-strahler-m18-mit-powerbank\/"},"modified":"2026-04-05T12:38:08","modified_gmt":"2026-04-05T10:38:08","slug":"milwaukee-led-strahler-m18-mit-powerbank","status":"publish","type":"product","link":"https:\/\/lucacastelli.com\/de\/produkt\/milwaukee-led-strahler-m18-mit-powerbank\/","title":{"rendered":"MILWAUKEE LED-Strahler M18\u2122 mit Powerbank"},"content":{"rendered":"<p>M18 ALIS-0\/BELEUCHTUNG<br \/>\n1.000 Lumen hochaufl\u00f6sende TRUEVIEW\u2122-Beleuchtung: bietet maximale Farbgenauigkeit, optimierten Lichtstrahl und eine naturgetreue Darstellung von Farben und Details;12 Stunden Laufzeit bei maximaler Leistung mit M18 B5 Akku (22 Stunden bei 500 Lumen);Funktioniert als Powerbank f\u00fcr elektronische Ger\u00e4te dank doppeltem USB-C und USB-A Ausgang;Integrierter Haken;M\u00f6glichkeit, den Kopf horizontal und vertikal auszurichten;Die kompakteste Beleuchtungsl\u00f6sung auf der M18\u2122-Plattform: kleiner als ein 5-Ah-Akku;Funktioniert mit allen MILWAUKEE\u00ae M18\u2122 Akkus<\/p>\n<p>4933498148<br \/>\n4058546513085<\/p>\n","protected":false},"excerpt":{"rendered":"<p>M18 ALIS-0\/BELEUCHTUNG<\/p>\n","protected":false},"featured_media":587194,"template":"","meta":{"_seopress_robots_primary_cat":"","_seopress_titles_title":"","_seopress_titles_desc":"","_seopress_robots_index":""},"product_brand":[3407],"product_cat":[5531,29,514],"product_tag":[3270],"class_list":{"0":"post-604999","1":"product","2":"type-product","3":"status-publish","4":"has-post-thumbnail","6":"product_brand-milwaukee","7":"product_cat-vari-macchinari-milwaukee","8":"product_cat-macchinari","9":"product_cat-altri-dispositivi","10":"product_tag-import-milwau","11":"sws-conto-ricavi-merci-rivendita-macchinari-de","12":"sws-gruppo-iva-iva81-de","14":"first","15":"onbackorder","16":"sale","17":"shipping-taxable","18":"purchasable","19":"product-type-simple"},"_links":{"self":[{"href":"https:\/\/lucacastelli.com\/de\/wp-json\/wp\/v2\/product\/604999","targetHints":{"allow":["GET"]}}],"collection":[{"href":"https:\/\/lucacastelli.com\/de\/wp-json\/wp\/v2\/product"}],"about":[{"href":"https:\/\/lucacastelli.com\/de\/wp-json\/wp\/v2\/types\/product"}],"wp:featuredmedia":[{"embeddable":true,"href":"https:\/\/lucacastelli.com\/de\/wp-json\/wp\/v2\/media\/587194"}],"wp:attachment":[{"href":"https:\/\/lucacastelli.com\/de\/wp-json\/wp\/v2\/media?parent=604999"}],"wp:term":[{"taxonomy":"product_brand","embeddable":true,"href":"https:\/\/lucacastelli.com\/de\/wp-json\/wp\/v2\/product_brand?post=604999"},{"taxonomy":"product_cat","embeddable":true,"href":"https:\/\/lucacastelli.com\/de\/wp-json\/wp\/v2\/product_cat?post=604999"},{"taxonomy":"product_tag","embeddable":true,"href":"https:\/\/lucacastelli.com\/de\/wp-json\/wp\/v2\/product_tag?post=604999"}],"curies":[{"name":"wp","href":"https:\/\/api.w.org\/{rel}","templated":true}]}}