{"id":604907,"date":"2025-08-12T19:23:27","date_gmt":"2025-08-12T17:23:27","guid":{"rendered":"https:\/\/lucacastelli.com\/prodotto\/protos-industry-23\/"},"modified":"2026-04-15T18:09:47","modified_gmt":"2026-04-15T16:09:47","slug":"protos-industry-23","status":"publish","type":"product","link":"https:\/\/lucacastelli.com\/de\/produkt\/protos-industry-23\/","title":{"rendered":"Protos\u00ae Industry"},"content":{"rendered":"<p>Was als Idee f\u00fcr den Forstbereich entstand, wurde dank Zertifizierung und Patent auch f\u00fcr die Industrie Realit\u00e4t. Der Protos\u00ae Integral Industry bietet allen Komfort und die Sicherheit eines Forst- und Kletterhelms und ist in der Ausstattung \u00e4usserst flexibel. Mit wenigen Handgriffen kann ein Industriehelm von Fachpersonal in einen Kletterhelm umgewandelt werden. Dank dem Modulprinzip kann der Protos\u00ae Industry jederzeit f\u00fcr weitere Anwendungen aufger\u00fcstet werden. Ein Kopfschutz f\u00fcr jede Anwendung!<br \/>\nDer Protos\u00ae Integral Industry bietet nicht nur ein unbegrenztes Sichtfeld, sondern auch Schutz gegen vertikale und horizontale St\u00f6sse. Dank der 20-fachen Verstellung des patentierten Schnellverschluss-Kinnb\u00fcgels passt sich der Protos\u00ae perfekt an jeden Kopf an, auch ohne Kinnriemen. Die Luft zirkuliert ideal zwischen Innen- und Aussenschale und h\u00e4lt den Kopf k\u00fchl. Der Luftstrom ist \u00fcber das Bel\u00fcftungsventil regulierbar. Die KlimaAIR\u00ae-Polsterung mit Energieabsorption garantiert eine perfekte Passform.<br \/>\nSicherheit und Komfort<br \/>\nAlle Vorteile des Stern-Systems f\u00fcr Protos Integral sind auch im Modell Industry vorhanden. Insbesondere die innovative Innenstruktur mit Klima-Air-Technologie bietet einen unschlagbaren Mehrwert f\u00fcr den Tr\u00e4ger. Die aktive Bel\u00fcftung und die perfekte Anpassung an den Kopf machen den Arbeitsalltag angenehmer.<br \/>\nInfo<br \/>\nMit dem Protos\u00ae Integral Maclip Kinnriemen (Art. 204043) zugelassen nach EN 1078 f\u00fcr Fahrradhelme.      <\/p>\n<p>Material: 50 % ABS, 50 % Polyamid<br \/>\nGewicht: 0,582 kg<br \/>\nGr\u00f6sse: Einheitsgr\u00f6sse verstellbar \u00fcber patentierten Hinterkopfverschluss<br \/>\nStandard: Kopfumfang 54\u201362 cm<br \/>\nExtragr\u00f6sse: Kopfumfang: 56\u201364 cm (auf Anfrage erh\u00e4ltlich)<br \/>\nNormen: EN 397, EN 1078 (nur mit Kinnriemen Art.-Nr. 204043), ANSI Z89.1<\/p>\n","protected":false},"excerpt":{"rendered":"<p>Was als Idee f\u00fcr den Forstbereich entstand, wurde dank Zertifizierung und Patent auch f\u00fcr die Industrie Realit\u00e4t. Der Protos\u00ae Integral<\/p>\n","protected":false},"featured_media":604680,"template":"","meta":{"_seopress_robots_primary_cat":"none","_seopress_titles_title":"","_seopress_titles_desc":"","_seopress_robots_index":""},"product_brand":[3458,4381],"product_cat":[33,537,815],"product_tag":[],"class_list":{"0":"post-604907","1":"product","2":"type-product","3":"status-publish","4":"has-post-thumbnail","6":"product_brand-pfanner","7":"product_brand-protos","8":"product_cat-attrezzature","9":"product_cat-attrezzatura-da-lavoro","10":"product_cat-caschi","11":"sws-gruppo-no-gruppo-de","12":"sws-conto-ricavi-merci-rivendita-abbigliamento-de","13":"sws-gruppo-iva-iva81-de","15":"first","16":"instock","17":"shipping-taxable","18":"purchasable","19":"product-type-variable","20":"has-default-attributes"},"_links":{"self":[{"href":"https:\/\/lucacastelli.com\/de\/wp-json\/wp\/v2\/product\/604907","targetHints":{"allow":["GET"]}}],"collection":[{"href":"https:\/\/lucacastelli.com\/de\/wp-json\/wp\/v2\/product"}],"about":[{"href":"https:\/\/lucacastelli.com\/de\/wp-json\/wp\/v2\/types\/product"}],"wp:featuredmedia":[{"embeddable":true,"href":"https:\/\/lucacastelli.com\/de\/wp-json\/wp\/v2\/media\/604680"}],"wp:attachment":[{"href":"https:\/\/lucacastelli.com\/de\/wp-json\/wp\/v2\/media?parent=604907"}],"wp:term":[{"taxonomy":"product_brand","embeddable":true,"href":"https:\/\/lucacastelli.com\/de\/wp-json\/wp\/v2\/product_brand?post=604907"},{"taxonomy":"product_cat","embeddable":true,"href":"https:\/\/lucacastelli.com\/de\/wp-json\/wp\/v2\/product_cat?post=604907"},{"taxonomy":"product_tag","embeddable":true,"href":"https:\/\/lucacastelli.com\/de\/wp-json\/wp\/v2\/product_tag?post=604907"}],"curies":[{"name":"wp","href":"https:\/\/api.w.org\/{rel}","templated":true}]}}