{"id":604792,"date":"2025-08-12T19:25:21","date_gmt":"2025-08-12T17:25:21","guid":{"rendered":"https:\/\/lucacastelli.com\/prodotto\/protos-industry-6\/"},"modified":"2025-08-12T19:25:21","modified_gmt":"2025-08-12T17:25:21","slug":"protos-industry-6","status":"publish","type":"product","link":"https:\/\/lucacastelli.com\/de\/produkt\/protos-industry-6\/","title":{"rendered":"Protos\u00ae Industry"},"content":{"rendered":"<p>Was als Idee f\u00fcr die Forstwirtschaft begann, ist dank der Zertifizierung und Patentierung nun auch f\u00fcr den Industriesektor Realit\u00e4t geworden. Der Protos\u00ae Integral Industry bietet den ganzen Komfort und die Sicherheit eines Forst- und Kletterhelms und ist extrem flexibel in seiner Ausstattung. Mit nur wenigen Handgriffen kann ein Industriehelm von Fachpersonal in einen Kletterhelm umgewandelt werden. Dank des modularen Prinzips kann der Protos\u00ae Industry jederzeit f\u00fcr weitere Anwendungen aufger\u00fcstet werden. Ein Kopfschutz f\u00fcr jeden Einsatz!<br \/>\nDer Protos\u00ae Integral Industry bietet nicht nur ein unbegrenztes Sichtfeld, sondern auch Schutz vor vertikalen und horizontalen St\u00f6\u00dfen. Dank der 20-fachen Verstellbarkeit des patentierten Schnellverschluss-Kinnschutzes passt der Protos\u00ae perfekt auf jeden Kopf, auch ohne Kinnriemen. Die Luft zirkuliert ideal zwischen der Innen- und Au\u00dfenschale und h\u00e4lt den Kopf k\u00fchl. Der Luftstrom ist \u00fcber das Bel\u00fcftungsventil einstellbar. Die KlimaAIR-Polsterung mit Energieabsorption sorgt f\u00fcr einen perfekten Sitz.<br \/>\nSicherheit und Komfort<br \/>\nAlle Vorteile des Stern-Systems f\u00fcr den Protos\u00ae Integral sind auch im Modell Industry vorhanden. Insbesondere die innovative Innenstruktur mit Klima-Air Technologie bietet einen unschlagbaren Mehrwert f\u00fcr den Tr\u00e4ger. Aktive Bel\u00fcftung und ein perfekter Sitz auf dem Kopf machen den Arbeitsalltag angenehmer.<br \/>\nInfo<br \/>\nMit dem nach EN 1078 f\u00fcr Fahrradhelme zugelassenen Protos\u00ae Integral Maclip Kinnriemen (Art. Nr. 204043).      <\/p>\n<p>Material: 50 % ABS, 50 % Polyamid<br \/>\nGewicht: 0,582 kg<br \/>\nGr\u00f6\u00dfe: Einheitsgr\u00f6\u00dfe verstellbar durch patentierten Verschluss auf der R\u00fcckseite<br \/>\nStandard: Kopfumfang 54-62 cm<br \/>\nExtra Gr\u00f6\u00dfe: Kopfumfang: 56-64 cm (auf Anfrage erh\u00e4ltlich)<br \/>\nNormen: EN 397, EN 1078 (nur mit Kinnriemen Art.-Nr. 204043), ANSI Z89.1<\/p>\n","protected":false},"excerpt":{"rendered":"<p>Was als Idee f\u00fcr die Forstwirtschaft begann, ist dank der Zertifizierung und Patentierung nun auch f\u00fcr den Industriesektor Realit\u00e4t geworden.<\/p>\n","protected":false},"featured_media":604692,"template":"","meta":{"_seopress_robots_primary_cat":"none","_seopress_titles_title":"","_seopress_titles_desc":"","_seopress_robots_index":""},"product_brand":[3458,4381],"product_cat":[33,537,815],"product_tag":[],"class_list":{"0":"post-604792","1":"product","2":"type-product","3":"status-publish","4":"has-post-thumbnail","6":"product_brand-pfanner","7":"product_brand-protos","8":"product_cat-attrezzature","9":"product_cat-attrezzatura-da-lavoro","10":"product_cat-caschi","11":"sws-gruppo-no-gruppo-de","12":"sws-conto-ricavi-merci-rivendita-abbigliamento-de","13":"sws-gruppo-iva-iva81-de","15":"first","16":"instock","17":"shipping-taxable","18":"purchasable","19":"product-type-variable","20":"has-default-attributes"},"_links":{"self":[{"href":"https:\/\/lucacastelli.com\/de\/wp-json\/wp\/v2\/product\/604792","targetHints":{"allow":["GET"]}}],"collection":[{"href":"https:\/\/lucacastelli.com\/de\/wp-json\/wp\/v2\/product"}],"about":[{"href":"https:\/\/lucacastelli.com\/de\/wp-json\/wp\/v2\/types\/product"}],"wp:featuredmedia":[{"embeddable":true,"href":"https:\/\/lucacastelli.com\/de\/wp-json\/wp\/v2\/media\/604692"}],"wp:attachment":[{"href":"https:\/\/lucacastelli.com\/de\/wp-json\/wp\/v2\/media?parent=604792"}],"wp:term":[{"taxonomy":"product_brand","embeddable":true,"href":"https:\/\/lucacastelli.com\/de\/wp-json\/wp\/v2\/product_brand?post=604792"},{"taxonomy":"product_cat","embeddable":true,"href":"https:\/\/lucacastelli.com\/de\/wp-json\/wp\/v2\/product_cat?post=604792"},{"taxonomy":"product_tag","embeddable":true,"href":"https:\/\/lucacastelli.com\/de\/wp-json\/wp\/v2\/product_tag?post=604792"}],"curies":[{"name":"wp","href":"https:\/\/api.w.org\/{rel}","templated":true}]}}