{"id":604102,"date":"2025-08-12T16:58:07","date_gmt":"2025-08-12T14:58:07","guid":{"rendered":"https:\/\/lucacastelli.com\/?post_type=product&#038;p=604102"},"modified":"2026-04-15T18:28:38","modified_gmt":"2026-04-15T16:28:38","slug":"protos-arborist-mit-f39-visier-copia-5","status":"publish","type":"product","link":"https:\/\/lucacastelli.com\/de\/produkt\/protos-arborist-mit-f39-visier-copia-5\/","title":{"rendered":"Protos\u00ae Arborist mit Visier G16"},"content":{"rendered":"<p>Der Protos\u00ae Integral Arborist ist f\u00fcr Arbeiten in der H\u00f6he konzipiert. In einem Umfeld, das h\u00f6chste Konzentration und Aufmerksamkeit erfordert, darf der Helm nicht st\u00f6ren und keinesfalls verrutschen. Dank des tiefgreifenden Nackenschutzes sitzt der Helm auch in Schr\u00e4glage und bei \u00dcberkopfarbeiten perfekt und garantiert einen sicheren Halt. Das gesamte modulare System l\u00e4sst sich mit nur zwei Fingern einstellen. Dieses Modell ist zudem mit einem Kinnriemen und einem Schockabsorber ausgestattet.<br \/>\nAusf\u00fchrung mit Protos\u00ae Integral Maclip Kinnriemen (Art. 204043). Zertifiziert nach EN 1078 Fahrradhelm und EN 1077 Skihelm Klasse B.<br \/>\nInfo<br \/>\nEine zweifarbige Kopfbedeckung kann die Sichtbarkeit erheblich erh\u00f6hen.<br \/>\nVersion F39 mit feinem Visier (39 \u00d6ffnungen\/cm\u00b2) und G16 mit grobem Visier (16 \u00d6ffnungen\/cm\u00b2).<br \/>\nDer integrierte Geh\u00f6rschutz bietet einen D\u00e4mmwert von: SNR=27 dB (H=34 dB, M=24 dB, L=17 dB).<br \/>\nEKAS-Richtlinien<br \/>\nArt. 4.3.1. Die Farbe der Helmschale muss \u00fcberwiegend Orange oder Signalrot sein. Eine zweite Signalfarbe ist zul\u00e4ssig, sofern sie den Farbt\u00f6nen Gelb, Orange oder Rot entspricht.<br \/>\nSicherheit und Komfort<br \/>\nS\u00e4mtliche Vorteile des Stern-Systems f\u00fcr den Protos Integral finden sich auch beim Modell Arborist wieder. Insbesondere die innovative Innenausstattung mit Klima-Air Technologie bietet einen unschlagbaren Mehrwert f\u00fcr den Tr\u00e4ger. Die aktive Bel\u00fcftung und der perfekte Sitz am Kopf machen den Arbeitstag angenehmer.        <\/p>\n<p>Material: 50 % ABS, 50 % Polyamid<br \/>\nGewicht: 0,942 kg<br \/>\nGr\u00f6sse: Einheitsgr\u00f6sse, verstellbar durch patentierten Nackenverschluss<br \/>\nStandard: Kopfumfang 54\u201362 cm<br \/>\n\u00dcbergr\u00f6sse: Kopfumfang 56\u201364 cm (auf Anfrage erh\u00e4ltlich)<br \/>\nNormen: EN 397, EN 1077 B, EN 1078, EN 12492, EN 352-3, EN 1731 S, ANSI Z89.1<br \/>\nD\u00e4mmwert: SNR=27 dB (H=34 dB, M=24 dB, L=17 dB)<\/p>\n","protected":false},"excerpt":{"rendered":"<p>Der Protos\u00ae Integral Arborist ist f\u00fcr Arbeiten in der H\u00f6he konzipiert. In einem Umfeld, das h\u00f6chste Konzentration und Aufmerksamkeit erfordert,<\/p>\n","protected":false},"featured_media":601669,"template":"","meta":{"_seopress_robots_primary_cat":"none","_seopress_titles_title":"","_seopress_titles_desc":"","_seopress_robots_index":""},"product_brand":[3458,4381],"product_cat":[33,537,815],"product_tag":[],"class_list":{"0":"post-604102","1":"product","2":"type-product","3":"status-publish","4":"has-post-thumbnail","6":"product_brand-pfanner","7":"product_brand-protos","8":"product_cat-attrezzature","9":"product_cat-attrezzatura-da-lavoro","10":"product_cat-caschi","11":"sws-gruppo-no-gruppo-de","12":"sws-conto-ricavi-merci-rivendita-abbigliamento-de","13":"sws-gruppo-iva-iva81-de","15":"first","16":"instock","17":"shipping-taxable","18":"purchasable","19":"product-type-variable","20":"has-default-attributes"},"_links":{"self":[{"href":"https:\/\/lucacastelli.com\/de\/wp-json\/wp\/v2\/product\/604102","targetHints":{"allow":["GET"]}}],"collection":[{"href":"https:\/\/lucacastelli.com\/de\/wp-json\/wp\/v2\/product"}],"about":[{"href":"https:\/\/lucacastelli.com\/de\/wp-json\/wp\/v2\/types\/product"}],"wp:featuredmedia":[{"embeddable":true,"href":"https:\/\/lucacastelli.com\/de\/wp-json\/wp\/v2\/media\/601669"}],"wp:attachment":[{"href":"https:\/\/lucacastelli.com\/de\/wp-json\/wp\/v2\/media?parent=604102"}],"wp:term":[{"taxonomy":"product_brand","embeddable":true,"href":"https:\/\/lucacastelli.com\/de\/wp-json\/wp\/v2\/product_brand?post=604102"},{"taxonomy":"product_cat","embeddable":true,"href":"https:\/\/lucacastelli.com\/de\/wp-json\/wp\/v2\/product_cat?post=604102"},{"taxonomy":"product_tag","embeddable":true,"href":"https:\/\/lucacastelli.com\/de\/wp-json\/wp\/v2\/product_tag?post=604102"}],"curies":[{"name":"wp","href":"https:\/\/api.w.org\/{rel}","templated":true}]}}