{"id":604064,"date":"2023-06-17T10:50:56","date_gmt":"2023-06-17T08:50:56","guid":{"rendered":"https:\/\/lucacastelli.com\/prodotto\/75-x-12-mm-stichsaegeblatt-metall\/"},"modified":"2023-06-17T10:50:56","modified_gmt":"2023-06-17T08:50:56","slug":"75-x-12-mm-stichsaegeblatt-metall","status":"publish","type":"product","link":"https:\/\/lucacastelli.com\/de\/produkt\/75-x-12-mm-stichsaegeblatt-metall\/","title":{"rendered":"75 x 1,2 mm Stichs\u00e4geblatt Metall"},"content":{"rendered":"<p>Beschreibung des Produkts<\/p>\n<p>Das Stichs\u00e4geblatt 274652 eignet sich aufgrund seiner geringen Zahnteilung von 0,7 mm besonders zum Schneiden von sehr d\u00fcnnen Blechen.<br \/>\nF\u00fcr Profis, die Wert auf eine lange Lebensdauer legen, sind Bimetallbl\u00e4tter in Kombination mit dem richtigen K\u00fchlmittel die beste Wahl.<br \/>\nDie Lebensdauer dieser Bl\u00e4tter ist doppelt so hoch wie die von Nicht-Bimetallbl\u00e4ttern.<\/p>\n<p>Technische Daten<br \/>\nKlingenl\u00e4nge (mm): 66<br \/>\nMaximale Schneidleistung in Aluminium (mm): &#8211;<br \/>\nMax. Maximale Schneidleistung in Nichteisenmetallen (mm): 1,5 &#8211; 4<br \/>\nMaximale Schneidleistung in Plexiglas (mm): &#8211; Max.<br \/>\nMax. Maximale Schneidkapazit\u00e4t in PVC (mm): &#8211; Max.<br \/>\nMaximale Schneidkapazit\u00e4t in Edelstahl (mm): &#8211; Max. Maximale Schneidkapazit\u00e4t in Edelstahl (mm): &#8211; Max.<br \/>\nMax. Maximale Schneidkapazit\u00e4t in Sandwichmaterial (mm): &#8211; Max.<br \/>\nMax. Max. Schnitttiefe in Stahl (mm): 1,5 &#8211; 4     <\/p>\n","protected":false},"excerpt":{"rendered":"<p>Beschreibung des Produkts Das Stichs\u00e4geblatt 274652 eignet sich aufgrund seiner geringen Zahnteilung von 0,7 mm besonders zum Schneiden von sehr<\/p>\n","protected":false},"featured_media":91925,"template":"","meta":{"_seopress_robots_primary_cat":"","_seopress_titles_title":"","_seopress_titles_desc":"","_seopress_robots_index":""},"product_brand":[3407],"product_cat":[1103],"product_tag":[],"class_list":{"0":"post-604064","1":"product","2":"type-product","3":"status-publish","4":"has-post-thumbnail","6":"product_brand-milwaukee","7":"product_cat-shops","9":"first","10":"instock","11":"shipping-taxable","12":"purchasable","13":"product-type-simple"},"_links":{"self":[{"href":"https:\/\/lucacastelli.com\/de\/wp-json\/wp\/v2\/product\/604064","targetHints":{"allow":["GET"]}}],"collection":[{"href":"https:\/\/lucacastelli.com\/de\/wp-json\/wp\/v2\/product"}],"about":[{"href":"https:\/\/lucacastelli.com\/de\/wp-json\/wp\/v2\/types\/product"}],"wp:featuredmedia":[{"embeddable":true,"href":"https:\/\/lucacastelli.com\/de\/wp-json\/wp\/v2\/media\/91925"}],"wp:attachment":[{"href":"https:\/\/lucacastelli.com\/de\/wp-json\/wp\/v2\/media?parent=604064"}],"wp:term":[{"taxonomy":"product_brand","embeddable":true,"href":"https:\/\/lucacastelli.com\/de\/wp-json\/wp\/v2\/product_brand?post=604064"},{"taxonomy":"product_cat","embeddable":true,"href":"https:\/\/lucacastelli.com\/de\/wp-json\/wp\/v2\/product_cat?post=604064"},{"taxonomy":"product_tag","embeddable":true,"href":"https:\/\/lucacastelli.com\/de\/wp-json\/wp\/v2\/product_tag?post=604064"}],"curies":[{"name":"wp","href":"https:\/\/api.w.org\/{rel}","templated":true}]}}