{"id":604051,"date":"2025-08-12T14:41:26","date_gmt":"2025-08-12T12:41:26","guid":{"rendered":"https:\/\/lucacastelli.com\/prodotto\/milwaukee-high-dexterity-handschuhe-kat-schnitt-d-3\/"},"modified":"2025-08-12T14:41:26","modified_gmt":"2025-08-12T12:41:26","slug":"milwaukee-high-dexterity-handschuhe-kat-schnitt-d-3","status":"publish","type":"product","link":"https:\/\/lucacastelli.com\/de\/produkt\/milwaukee-high-dexterity-handschuhe-kat-schnitt-d-3\/","title":{"rendered":"Milwaukee High Dexterity Handschuhe Kat. Schnitt D"},"content":{"rendered":"<p>HIGH DEXTERITY HANDSCHUHE KAT. C 11\/XXL 1pcs<br \/>\n18 Nadelgarnfeinheit, f\u00fcr erh\u00f6hte Fingerfertigkeit und totale Beweglichkeit bei Pr\u00e4zisionsarbeiten;Leichte und d\u00fcnne Handschuhe mit Polyurethan beschichteter Handfl\u00e4che;Hervorragende Atmungsaktivit\u00e4t und ganzt\u00e4giger Tragekomfort;Nitrilverst\u00e4rkung zwischen Daumen und Zeigefinger f\u00fcr zus\u00e4tzliche Strapazierf\u00e4higkeit;SMARTSWIPE\u2122 an den Fingerspitzen, erm\u00f6glicht die Nutzung von Touchscreen-Ger\u00e4ten, ohne dass die Handschuhe ausgezogen werden m\u00fcssen;5-mal waschbar, f\u00fcr eine l\u00e4ngere Lebensdauer und reduzierte Kosten und Abfall;Europ\u00e4ische Zertifizierung f\u00fcr mechanischen Schutz: EN ISO 21420, EN388:2016 (3342C) <\/p>\n<p>4932480500<br \/>\n4058546407858<\/p>\n","protected":false},"excerpt":{"rendered":"<p>HIGH DEXTERITY HANDSCHUHE KAT. C 11\/XXL 1pcs 18 Nadelgarnfeinheit, f\u00fcr erh\u00f6hte Fingerfertigkeit und totale Beweglichkeit bei Pr\u00e4zisionsarbeiten;Leichte und d\u00fcnne Handschuhe<\/p>\n","protected":false},"featured_media":548731,"template":"","meta":{"_seopress_robots_primary_cat":"","_seopress_titles_title":"","_seopress_titles_desc":"","_seopress_robots_index":""},"product_brand":[3407],"product_cat":[21,284],"product_tag":[],"class_list":{"0":"post-604051","1":"product","2":"type-product","3":"status-publish","4":"has-post-thumbnail","6":"product_brand-milwaukee","7":"product_cat-abbigliamento","8":"product_cat-abbigliamento-da-lavoro","9":"sws-gruppo-abb-libero-de","10":"sws-conto-ricavi-merci-rivendita-abbigliamento-de","11":"sws-gruppo-iva-iva81-de","13":"first","14":"instock","15":"shipping-taxable","16":"purchasable","17":"product-type-variable"},"_links":{"self":[{"href":"https:\/\/lucacastelli.com\/de\/wp-json\/wp\/v2\/product\/604051","targetHints":{"allow":["GET"]}}],"collection":[{"href":"https:\/\/lucacastelli.com\/de\/wp-json\/wp\/v2\/product"}],"about":[{"href":"https:\/\/lucacastelli.com\/de\/wp-json\/wp\/v2\/types\/product"}],"wp:featuredmedia":[{"embeddable":true,"href":"https:\/\/lucacastelli.com\/de\/wp-json\/wp\/v2\/media\/548731"}],"wp:attachment":[{"href":"https:\/\/lucacastelli.com\/de\/wp-json\/wp\/v2\/media?parent=604051"}],"wp:term":[{"taxonomy":"product_brand","embeddable":true,"href":"https:\/\/lucacastelli.com\/de\/wp-json\/wp\/v2\/product_brand?post=604051"},{"taxonomy":"product_cat","embeddable":true,"href":"https:\/\/lucacastelli.com\/de\/wp-json\/wp\/v2\/product_cat?post=604051"},{"taxonomy":"product_tag","embeddable":true,"href":"https:\/\/lucacastelli.com\/de\/wp-json\/wp\/v2\/product_tag?post=604051"}],"curies":[{"name":"wp","href":"https:\/\/api.w.org\/{rel}","templated":true}]}}