{"id":604036,"date":"2025-08-10T15:08:09","date_gmt":"2025-08-10T13:08:09","guid":{"rendered":"https:\/\/lucacastelli.com\/prodotto\/milwaukee-mineraloel-fuer-vakuumpumpen\/"},"modified":"2025-08-10T15:08:09","modified_gmt":"2025-08-10T13:08:09","slug":"milwaukee-mineraloel-fuer-vakuumpumpen","status":"publish","type":"product","link":"https:\/\/lucacastelli.com\/de\/produkt\/milwaukee-mineraloel-fuer-vakuumpumpen\/","title":{"rendered":"Milwaukee Mineral\u00f6l f\u00fcr Vakuumpumpen"},"content":{"rendered":"<p>VAKUUMPUMPEN\u00d6L\/ACC SIST<br \/>\n\u00d6l (500 ml) f\u00fcr Vakuumpumpe<\/p>\n<p>4932493259<br \/>\n4058546481308<\/p>\n","protected":false},"excerpt":{"rendered":"<p>\u00d6L\/AKKUSTISCHE VAKUUMPUMPEN<\/p>\n","protected":false},"featured_media":561945,"template":"","meta":{"_seopress_robots_primary_cat":"","_seopress_titles_title":"","_seopress_titles_desc":"","_seopress_robots_index":""},"product_brand":[3656],"product_cat":[1436,1448],"product_tag":[3272],"class_list":{"0":"post-604036","1":"product","2":"type-product","3":"status-publish","4":"has-post-thumbnail","6":"product_brand-milwaukee-de","7":"product_cat-kraftstoffe-und-ole","8":"product_cat-schmiermittel","9":"product_tag-import-milwau-de","10":"sws-conto-ricavi-merci-rivendita-macchinari-de","11":"sws-gruppo-iva-iva81-de","13":"first","14":"onbackorder","15":"shipping-taxable","16":"purchasable","17":"product-type-simple"},"_links":{"self":[{"href":"https:\/\/lucacastelli.com\/de\/wp-json\/wp\/v2\/product\/604036","targetHints":{"allow":["GET"]}}],"collection":[{"href":"https:\/\/lucacastelli.com\/de\/wp-json\/wp\/v2\/product"}],"about":[{"href":"https:\/\/lucacastelli.com\/de\/wp-json\/wp\/v2\/types\/product"}],"wp:featuredmedia":[{"embeddable":true,"href":"https:\/\/lucacastelli.com\/de\/wp-json\/wp\/v2\/media\/561945"}],"wp:attachment":[{"href":"https:\/\/lucacastelli.com\/de\/wp-json\/wp\/v2\/media?parent=604036"}],"wp:term":[{"taxonomy":"product_brand","embeddable":true,"href":"https:\/\/lucacastelli.com\/de\/wp-json\/wp\/v2\/product_brand?post=604036"},{"taxonomy":"product_cat","embeddable":true,"href":"https:\/\/lucacastelli.com\/de\/wp-json\/wp\/v2\/product_cat?post=604036"},{"taxonomy":"product_tag","embeddable":true,"href":"https:\/\/lucacastelli.com\/de\/wp-json\/wp\/v2\/product_tag?post=604036"}],"curies":[{"name":"wp","href":"https:\/\/api.w.org\/{rel}","templated":true}]}}