{"id":604033,"date":"2025-08-10T15:07:57","date_gmt":"2025-08-10T13:07:57","guid":{"rendered":"https:\/\/lucacastelli.com\/prodotto\/milwaukee-ersatzoel-fuer-m18-hup700\/"},"modified":"2025-08-10T15:07:57","modified_gmt":"2025-08-10T13:07:57","slug":"milwaukee-ersatzoel-fuer-m18-hup700","status":"publish","type":"product","link":"https:\/\/lucacastelli.com\/de\/produkt\/milwaukee-ersatzoel-fuer-m18-hup700\/","title":{"rendered":"Milwaukee Ersatz\u00f6l f\u00fcr M18 HUP700"},"content":{"rendered":"<p>1L \u00d6LTANK F\u00dcR M18 HUP700<br \/>\n\u00d6l f\u00fcr Hydraulikpumpe M18 HUP700<\/p>\n<p>4932472004<br \/>\n4058546324001<\/p>\n","protected":false},"excerpt":{"rendered":"<p>1L \u00d6LKANNE F\u00dcR M18 HUP700<\/p>\n","protected":false},"featured_media":538807,"template":"","meta":{"_seopress_robots_primary_cat":"","_seopress_titles_title":"","_seopress_titles_desc":"","_seopress_robots_index":""},"product_brand":[3407],"product_cat":[259,260],"product_tag":[3270],"class_list":{"0":"post-604033","1":"product","2":"type-product","3":"status-publish","4":"has-post-thumbnail","6":"product_brand-milwaukee","7":"product_cat-carburanti-e-olii","8":"product_cat-lubrificanti","9":"product_tag-import-milwau","10":"sws-conto-ricavi-merci-rivendita-macchinari-de","11":"sws-gruppo-iva-iva81-de","13":"first","14":"onbackorder","15":"shipping-taxable","16":"purchasable","17":"product-type-simple"},"_links":{"self":[{"href":"https:\/\/lucacastelli.com\/de\/wp-json\/wp\/v2\/product\/604033","targetHints":{"allow":["GET"]}}],"collection":[{"href":"https:\/\/lucacastelli.com\/de\/wp-json\/wp\/v2\/product"}],"about":[{"href":"https:\/\/lucacastelli.com\/de\/wp-json\/wp\/v2\/types\/product"}],"wp:featuredmedia":[{"embeddable":true,"href":"https:\/\/lucacastelli.com\/de\/wp-json\/wp\/v2\/media\/538807"}],"wp:attachment":[{"href":"https:\/\/lucacastelli.com\/de\/wp-json\/wp\/v2\/media?parent=604033"}],"wp:term":[{"taxonomy":"product_brand","embeddable":true,"href":"https:\/\/lucacastelli.com\/de\/wp-json\/wp\/v2\/product_brand?post=604033"},{"taxonomy":"product_cat","embeddable":true,"href":"https:\/\/lucacastelli.com\/de\/wp-json\/wp\/v2\/product_cat?post=604033"},{"taxonomy":"product_tag","embeddable":true,"href":"https:\/\/lucacastelli.com\/de\/wp-json\/wp\/v2\/product_tag?post=604033"}],"curies":[{"name":"wp","href":"https:\/\/api.w.org\/{rel}","templated":true}]}}