{"id":604030,"date":"2025-08-10T12:44:25","date_gmt":"2025-08-10T10:44:25","guid":{"rendered":"https:\/\/lucacastelli.com\/prodotto\/milwaukee-gewindeschneidoel\/"},"modified":"2025-08-10T12:44:25","modified_gmt":"2025-08-10T10:44:25","slug":"milwaukee-gewindeschneidoel","status":"publish","type":"product","link":"https:\/\/lucacastelli.com\/de\/produkt\/milwaukee-gewindeschneidoel\/","title":{"rendered":"Milwaukee Gewindeschneid\u00f6l"},"content":{"rendered":"<p>Synthetisches Gewindeschneid\u00f6l\/ACCES SIST MX FUEL<br \/>\n5 l Kanister Gewindeschneid\u00f6l zur Verwendung mit der MX FUEL\u2122 Gewindeschneidmaschine;Ideale K\u00fchlleistung, die hochwertige Gewinde garantiert;DVGW-zugelassenes synthetisches \u00d6l f\u00fcr den Einsatz an Trinkwasserleitungen<\/p>\n<p>4932493463<br \/>\n4058546483340<\/p>\n","protected":false},"excerpt":{"rendered":"<p>Synthetisches Gewinde\u00f6l\/ACCES SIST MX FUEL<\/p>\n","protected":false},"featured_media":562432,"template":"","meta":{"_seopress_robots_primary_cat":"","_seopress_titles_title":"","_seopress_titles_desc":"","_seopress_robots_index":""},"product_brand":[3656],"product_cat":[1436,1448],"product_tag":[3272],"class_list":{"0":"post-604030","1":"product","2":"type-product","3":"status-publish","4":"has-post-thumbnail","6":"product_brand-milwaukee-de","7":"product_cat-kraftstoffe-und-ole","8":"product_cat-schmiermittel","9":"product_tag-import-milwau-de","10":"sws-conto-ricavi-merci-rivendita-macchinari-de","11":"sws-gruppo-iva-iva81-de","13":"first","14":"onbackorder","15":"shipping-taxable","16":"purchasable","17":"product-type-simple"},"_links":{"self":[{"href":"https:\/\/lucacastelli.com\/de\/wp-json\/wp\/v2\/product\/604030","targetHints":{"allow":["GET"]}}],"collection":[{"href":"https:\/\/lucacastelli.com\/de\/wp-json\/wp\/v2\/product"}],"about":[{"href":"https:\/\/lucacastelli.com\/de\/wp-json\/wp\/v2\/types\/product"}],"wp:featuredmedia":[{"embeddable":true,"href":"https:\/\/lucacastelli.com\/de\/wp-json\/wp\/v2\/media\/562432"}],"wp:attachment":[{"href":"https:\/\/lucacastelli.com\/de\/wp-json\/wp\/v2\/media?parent=604030"}],"wp:term":[{"taxonomy":"product_brand","embeddable":true,"href":"https:\/\/lucacastelli.com\/de\/wp-json\/wp\/v2\/product_brand?post=604030"},{"taxonomy":"product_cat","embeddable":true,"href":"https:\/\/lucacastelli.com\/de\/wp-json\/wp\/v2\/product_cat?post=604030"},{"taxonomy":"product_tag","embeddable":true,"href":"https:\/\/lucacastelli.com\/de\/wp-json\/wp\/v2\/product_tag?post=604030"}],"curies":[{"name":"wp","href":"https:\/\/api.w.org\/{rel}","templated":true}]}}