{"id":603991,"date":"2025-08-10T16:38:31","date_gmt":"2025-08-10T14:38:31","guid":{"rendered":"https:\/\/lucacastelli.com\/prodotto\/milwaukee-mehrzweck-nackenwaermer-2\/"},"modified":"2025-08-10T16:38:31","modified_gmt":"2025-08-10T14:38:31","slug":"milwaukee-mehrzweck-nackenwaermer-2","status":"publish","type":"product","link":"https:\/\/lucacastelli.com\/de\/produkt\/milwaukee-mehrzweck-nackenwaermer-2\/","title":{"rendered":"Milwaukee Mehrzweck-Nackenw\u00e4rmer"},"content":{"rendered":"<p>NGFMPGR PERFORMANCE GRIGIO WARMER<br \/>\nMultifunktional, tragbar als: Gesichtsmaske, Nackenband, Schwei\u00dfband oder Kopfbedeckung, um dich vor hei\u00dfen Bedingungen, Sonne oder Wind zu sch\u00fctzen; Atmungsaktives Material, um bei der Arbeit unter hei\u00dfen Bedingungen schnell k\u00fchl und trocken zu bleiben; Verstellbar. Ein Kordelzug auf der R\u00fcckseite sorgt f\u00fcr zus\u00e4tzlichen Komfort <\/p>\n<p>4932493093<br \/>\n4058546479640<\/p>\n","protected":false},"excerpt":{"rendered":"<p>NGFMPGR PERFORMANCE NACKENW\u00c4RMER GRAU<\/p>\n","protected":false},"featured_media":560092,"template":"","meta":{"_seopress_robots_primary_cat":"","_seopress_titles_title":"","_seopress_titles_desc":"","_seopress_robots_index":""},"product_brand":[3407],"product_cat":[21,186],"product_tag":[3270],"class_list":{"0":"post-603991","1":"product","2":"type-product","3":"status-publish","4":"has-post-thumbnail","6":"product_brand-milwaukee","7":"product_cat-abbigliamento","8":"product_cat-accessori-per-labbigliamento","9":"product_tag-import-milwau","10":"sws-conto-ricavi-merci-rivendita-macchinari-de","11":"sws-gruppo-iva-iva81-de","13":"first","14":"onbackorder","15":"shipping-taxable","16":"purchasable","17":"product-type-simple"},"_links":{"self":[{"href":"https:\/\/lucacastelli.com\/de\/wp-json\/wp\/v2\/product\/603991","targetHints":{"allow":["GET"]}}],"collection":[{"href":"https:\/\/lucacastelli.com\/de\/wp-json\/wp\/v2\/product"}],"about":[{"href":"https:\/\/lucacastelli.com\/de\/wp-json\/wp\/v2\/types\/product"}],"wp:featuredmedia":[{"embeddable":true,"href":"https:\/\/lucacastelli.com\/de\/wp-json\/wp\/v2\/media\/560092"}],"wp:attachment":[{"href":"https:\/\/lucacastelli.com\/de\/wp-json\/wp\/v2\/media?parent=603991"}],"wp:term":[{"taxonomy":"product_brand","embeddable":true,"href":"https:\/\/lucacastelli.com\/de\/wp-json\/wp\/v2\/product_brand?post=603991"},{"taxonomy":"product_cat","embeddable":true,"href":"https:\/\/lucacastelli.com\/de\/wp-json\/wp\/v2\/product_cat?post=603991"},{"taxonomy":"product_tag","embeddable":true,"href":"https:\/\/lucacastelli.com\/de\/wp-json\/wp\/v2\/product_tag?post=603991"}],"curies":[{"name":"wp","href":"https:\/\/api.w.org\/{rel}","templated":true}]}}