{"id":603990,"date":"2025-08-10T16:03:10","date_gmt":"2025-08-10T14:03:10","guid":{"rendered":"https:\/\/lucacastelli.com\/prodotto\/milwaukee-mittelschwerer-hoodie-schwarz\/"},"modified":"2025-08-10T16:03:10","modified_gmt":"2025-08-10T14:03:10","slug":"milwaukee-mittelschwerer-hoodie-schwarz","status":"publish","type":"product","link":"https:\/\/lucacastelli.com\/de\/produkt\/milwaukee-mittelschwerer-hoodie-schwarz\/","title":{"rendered":"Milwaukee Mittelschwerer Hoodie &#8211; schwarz"},"content":{"rendered":"<p>WHMWBL-XXL BLACK SWEATSHIRT<br \/>\nMittelschwerer Kapuzenpulli f\u00fcr gro\u00dfe saisonale Vielseitigkeit; Verst\u00e4rkte Fronttaschen f\u00fcr Strapazierf\u00e4higkeit; Bequemes Design und Passform erm\u00f6glichen es dir, dich am Arbeitsplatz frei und leicht zu bewegen<\/p>\n<p>4932493120<br \/>\n4058546479916<\/p>\n","protected":false},"excerpt":{"rendered":"<p>WHMWBL-XXL BLACK SWEATSHIRT Mittelschwerer Kapuzenpulli f\u00fcr gro\u00dfe saisonale Vielseitigkeit; Verst\u00e4rkte Fronttaschen f\u00fcr Strapazierf\u00e4higkeit; Bequemes Design und Passform erm\u00f6glichen es dir,<\/p>\n","protected":false},"featured_media":600908,"template":"","meta":{"_seopress_robots_primary_cat":"none","_seopress_titles_title":"","_seopress_titles_desc":"","_seopress_robots_index":""},"product_brand":[3407],"product_cat":[21,284,189,190],"product_tag":[],"class_list":{"0":"post-603990","1":"product","2":"type-product","3":"status-publish","4":"has-post-thumbnail","6":"product_brand-milwaukee","7":"product_cat-abbigliamento","8":"product_cat-abbigliamento-da-lavoro","9":"product_cat-abbigliamento-per-il-tempo-libero","10":"product_cat-abbigliamento-da-uomo","11":"sws-gruppo-abb-libero-de","12":"sws-conto-ricavi-merci-rivendita-abbigliamento-de","13":"sws-gruppo-iva-iva81-de","15":"first","16":"instock","17":"shipping-taxable","18":"purchasable","19":"product-type-variable","20":"has-default-attributes"},"_links":{"self":[{"href":"https:\/\/lucacastelli.com\/de\/wp-json\/wp\/v2\/product\/603990","targetHints":{"allow":["GET"]}}],"collection":[{"href":"https:\/\/lucacastelli.com\/de\/wp-json\/wp\/v2\/product"}],"about":[{"href":"https:\/\/lucacastelli.com\/de\/wp-json\/wp\/v2\/types\/product"}],"wp:featuredmedia":[{"embeddable":true,"href":"https:\/\/lucacastelli.com\/de\/wp-json\/wp\/v2\/media\/600908"}],"wp:attachment":[{"href":"https:\/\/lucacastelli.com\/de\/wp-json\/wp\/v2\/media?parent=603990"}],"wp:term":[{"taxonomy":"product_brand","embeddable":true,"href":"https:\/\/lucacastelli.com\/de\/wp-json\/wp\/v2\/product_brand?post=603990"},{"taxonomy":"product_cat","embeddable":true,"href":"https:\/\/lucacastelli.com\/de\/wp-json\/wp\/v2\/product_cat?post=603990"},{"taxonomy":"product_tag","embeddable":true,"href":"https:\/\/lucacastelli.com\/de\/wp-json\/wp\/v2\/product_tag?post=603990"}],"curies":[{"name":"wp","href":"https:\/\/api.w.org\/{rel}","templated":true}]}}