{"id":603981,"date":"2025-08-10T16:38:27","date_gmt":"2025-08-10T14:38:27","guid":{"rendered":"https:\/\/lucacastelli.com\/prodotto\/milwaukee-mehrzweck-nackenwaermer\/"},"modified":"2025-08-10T16:38:27","modified_gmt":"2025-08-10T14:38:27","slug":"milwaukee-mehrzweck-nackenwaermer","status":"publish","type":"product","link":"https:\/\/lucacastelli.com\/de\/produkt\/milwaukee-mehrzweck-nackenwaermer\/","title":{"rendered":"Milwaukee Mehrzweck-Nackenw\u00e4rmer"},"content":{"rendered":"<p>NGFMPRD PERFORMANCE WARMERSHIRT ROT<br \/>\nMultifunktional: Trage es als Gesichtsmaske, Nackenband, Schwei\u00dfband oder Kopfbedeckung, um dich vor Hitze, Sonne oder Wind zu sch\u00fctzen; Atmungsaktives Material, damit du bei der Arbeit unter hei\u00dfen Bedingungen schnell k\u00fchl und trocken bleibst; Verstellbar. Ein Kordelzug im R\u00fccken sorgt f\u00fcr zus\u00e4tzlichen Komfort;Sch\u00fctzt vor sch\u00e4dlichen UV-Strahlen. UPF 50+ gem\u00e4\u00df EN 13758-1  <\/p>\n<p>4932493094<br \/>\n4058546479657<\/p>\n","protected":false},"excerpt":{"rendered":"<p>NGFMPRD PERFORMANCE RED NECK WARMER<\/p>\n","protected":false},"featured_media":560101,"template":"","meta":{"_seopress_robots_primary_cat":"","_seopress_titles_title":"","_seopress_titles_desc":"","_seopress_robots_index":""},"product_brand":[3407],"product_cat":[21,186],"product_tag":[3270],"class_list":{"0":"post-603981","1":"product","2":"type-product","3":"status-publish","4":"has-post-thumbnail","6":"product_brand-milwaukee","7":"product_cat-abbigliamento","8":"product_cat-accessori-per-labbigliamento","9":"product_tag-import-milwau","10":"sws-conto-ricavi-merci-rivendita-macchinari-de","11":"sws-gruppo-iva-iva81-de","13":"first","14":"onbackorder","15":"shipping-taxable","16":"purchasable","17":"product-type-simple"},"_links":{"self":[{"href":"https:\/\/lucacastelli.com\/de\/wp-json\/wp\/v2\/product\/603981","targetHints":{"allow":["GET"]}}],"collection":[{"href":"https:\/\/lucacastelli.com\/de\/wp-json\/wp\/v2\/product"}],"about":[{"href":"https:\/\/lucacastelli.com\/de\/wp-json\/wp\/v2\/types\/product"}],"wp:featuredmedia":[{"embeddable":true,"href":"https:\/\/lucacastelli.com\/de\/wp-json\/wp\/v2\/media\/560101"}],"wp:attachment":[{"href":"https:\/\/lucacastelli.com\/de\/wp-json\/wp\/v2\/media?parent=603981"}],"wp:term":[{"taxonomy":"product_brand","embeddable":true,"href":"https:\/\/lucacastelli.com\/de\/wp-json\/wp\/v2\/product_brand?post=603981"},{"taxonomy":"product_cat","embeddable":true,"href":"https:\/\/lucacastelli.com\/de\/wp-json\/wp\/v2\/product_cat?post=603981"},{"taxonomy":"product_tag","embeddable":true,"href":"https:\/\/lucacastelli.com\/de\/wp-json\/wp\/v2\/product_tag?post=603981"}],"curies":[{"name":"wp","href":"https:\/\/api.w.org\/{rel}","templated":true}]}}