{"id":603975,"date":"2025-08-07T15:42:38","date_gmt":"2025-08-07T13:42:38","guid":{"rendered":"https:\/\/lucacastelli.com\/prodotto\/milwaukee-baseballkappe-5\/"},"modified":"2025-08-07T15:42:38","modified_gmt":"2025-08-07T13:42:38","slug":"milwaukee-baseballkappe-5","status":"publish","type":"product","link":"https:\/\/lucacastelli.com\/de\/produkt\/milwaukee-baseballkappe-5\/","title":{"rendered":"MILWAUKEE BASEBALLKAPPE"},"content":{"rendered":"<p>BCSGR-S\/M BASEBALL HAT GREY<br \/>\nLeichtes Gewicht zum Schutz vor der Sonne, am oder au\u00dferhalb des Arbeitsplatzes;UV-Schutz vor sch\u00e4dlichen Sonnenstrahlen UPF 50+ gem\u00e4\u00df EN 13758-1<\/p>\n<p>4932493097<br \/>\n4058546479688<\/p>\n","protected":false},"excerpt":{"rendered":"<p>BCSGR-S\/M GRAUE BASEBALLM\u00dcTZE<\/p>\n","protected":false},"featured_media":560178,"template":"","meta":{"_seopress_robots_primary_cat":"","_seopress_titles_title":"","_seopress_titles_desc":"","_seopress_robots_index":""},"product_brand":[3656],"product_cat":[1391,82],"product_tag":[3272],"class_list":{"0":"post-603975","1":"product","2":"type-product","3":"status-publish","4":"has-post-thumbnail","6":"product_brand-milwaukee-de","7":"product_cat-bekleidungs-accessoires","8":"product_cat-kleidung","9":"product_tag-import-milwau-de","10":"sws-conto-ricavi-merci-rivendita-macchinari-de","11":"sws-gruppo-iva-iva81-de","13":"first","14":"onbackorder","15":"shipping-taxable","16":"purchasable","17":"product-type-simple"},"_links":{"self":[{"href":"https:\/\/lucacastelli.com\/de\/wp-json\/wp\/v2\/product\/603975","targetHints":{"allow":["GET"]}}],"collection":[{"href":"https:\/\/lucacastelli.com\/de\/wp-json\/wp\/v2\/product"}],"about":[{"href":"https:\/\/lucacastelli.com\/de\/wp-json\/wp\/v2\/types\/product"}],"wp:featuredmedia":[{"embeddable":true,"href":"https:\/\/lucacastelli.com\/de\/wp-json\/wp\/v2\/media\/560178"}],"wp:attachment":[{"href":"https:\/\/lucacastelli.com\/de\/wp-json\/wp\/v2\/media?parent=603975"}],"wp:term":[{"taxonomy":"product_brand","embeddable":true,"href":"https:\/\/lucacastelli.com\/de\/wp-json\/wp\/v2\/product_brand?post=603975"},{"taxonomy":"product_cat","embeddable":true,"href":"https:\/\/lucacastelli.com\/de\/wp-json\/wp\/v2\/product_cat?post=603975"},{"taxonomy":"product_tag","embeddable":true,"href":"https:\/\/lucacastelli.com\/de\/wp-json\/wp\/v2\/product_tag?post=603975"}],"curies":[{"name":"wp","href":"https:\/\/api.w.org\/{rel}","templated":true}]}}