{"id":603911,"date":"2025-08-10T15:38:50","date_gmt":"2025-08-10T13:38:50","guid":{"rendered":"https:\/\/lucacastelli.com\/prodotto\/milwaukee-mittelschwerer-hoodie-braun\/"},"modified":"2025-08-10T15:38:50","modified_gmt":"2025-08-10T13:38:50","slug":"milwaukee-mittelschwerer-hoodie-braun","status":"publish","type":"product","link":"https:\/\/lucacastelli.com\/de\/produkt\/milwaukee-mittelschwerer-hoodie-braun\/","title":{"rendered":"Milwaukee Mittelschwerer Hoodie &#8211; braun"},"content":{"rendered":"<p>WHMWBR-XXL BROWN SWEATSHIRT<br \/>\nMittelschwerer Kapuzenpulli f\u00fcr gro\u00dfe saisonale Vielseitigkeit; Verst\u00e4rkte Fronttaschen f\u00fcr Strapazierf\u00e4higkeit; Bequemes Design und Passform erm\u00f6glichen es dir, dich am Arbeitsplatz frei und leicht zu bewegen<\/p>\n<p>4932493135<br \/>\n4058546480066<\/p>\n","protected":false},"excerpt":{"rendered":"<p>WHMWBR-XXL BROWN SWEATSHIRT Mittelschwerer Kapuzenpulli f\u00fcr gro\u00dfe saisonale Vielseitigkeit; Verst\u00e4rkte Fronttaschen f\u00fcr Strapazierf\u00e4higkeit; Bequemes Design und Passform erm\u00f6glichen es dir,<\/p>\n","protected":false},"featured_media":600871,"template":"","meta":{"_seopress_robots_primary_cat":"none","_seopress_titles_title":"","_seopress_titles_desc":"","_seopress_robots_index":""},"product_brand":[3656],"product_cat":[1382,974,975,82],"product_tag":[],"class_list":{"0":"post-603911","1":"product","2":"type-product","3":"status-publish","4":"has-post-thumbnail","6":"product_brand-milwaukee-de","7":"product_cat-arbeitskleidung","8":"product_cat-freizeitkleidung","9":"product_cat-herrenbekleidung","10":"product_cat-kleidung","11":"sws-gruppo-abb-libero-de","12":"sws-conto-ricavi-merci-rivendita-abbigliamento-de","13":"sws-gruppo-iva-iva81-de","15":"first","16":"instock","17":"shipping-taxable","18":"purchasable","19":"product-type-variable","20":"has-default-attributes"},"_links":{"self":[{"href":"https:\/\/lucacastelli.com\/de\/wp-json\/wp\/v2\/product\/603911","targetHints":{"allow":["GET"]}}],"collection":[{"href":"https:\/\/lucacastelli.com\/de\/wp-json\/wp\/v2\/product"}],"about":[{"href":"https:\/\/lucacastelli.com\/de\/wp-json\/wp\/v2\/types\/product"}],"wp:featuredmedia":[{"embeddable":true,"href":"https:\/\/lucacastelli.com\/de\/wp-json\/wp\/v2\/media\/600871"}],"wp:attachment":[{"href":"https:\/\/lucacastelli.com\/de\/wp-json\/wp\/v2\/media?parent=603911"}],"wp:term":[{"taxonomy":"product_brand","embeddable":true,"href":"https:\/\/lucacastelli.com\/de\/wp-json\/wp\/v2\/product_brand?post=603911"},{"taxonomy":"product_cat","embeddable":true,"href":"https:\/\/lucacastelli.com\/de\/wp-json\/wp\/v2\/product_cat?post=603911"},{"taxonomy":"product_tag","embeddable":true,"href":"https:\/\/lucacastelli.com\/de\/wp-json\/wp\/v2\/product_tag?post=603911"}],"curies":[{"name":"wp","href":"https:\/\/api.w.org\/{rel}","templated":true}]}}