{"id":603901,"date":"2025-08-10T14:25:12","date_gmt":"2025-08-10T12:25:12","guid":{"rendered":"https:\/\/lucacastelli.com\/prodotto\/milwaukee-mikrofaser-kuehlhandtuch\/"},"modified":"2025-08-10T14:25:12","modified_gmt":"2025-08-10T12:25:12","slug":"milwaukee-mikrofaser-kuehlhandtuch","status":"publish","type":"product","link":"https:\/\/lucacastelli.com\/de\/produkt\/milwaukee-mikrofaser-kuehlhandtuch\/","title":{"rendered":"Milwaukee Mikrofaser-K\u00fchlhandtuch"},"content":{"rendered":"<p>Mikrofaser-K\u00fchlhandtuch &#8211; 1 St\u00fcck<br \/>\nBis zu 4 Stunden K\u00fchlzeit;Schnelle Absorption, 30 Sekunden;Angenehmes Mikrofasermaterial;Blockiert sch\u00e4dliche UV-Strahlen;Langlebige Einfassung<\/p>\n<p>4932498076<br \/>\n4058546512361<\/p>\n","protected":false},"excerpt":{"rendered":"<p>Mikrofaser-K\u00fchlhandtuch &#8211; 1 Stk.<\/p>\n","protected":false},"featured_media":565496,"template":"","meta":{"_seopress_robots_primary_cat":"","_seopress_titles_title":"","_seopress_titles_desc":"","_seopress_robots_index":""},"product_brand":[3407],"product_cat":[21,186],"product_tag":[3270],"class_list":{"0":"post-603901","1":"product","2":"type-product","3":"status-publish","4":"has-post-thumbnail","6":"product_brand-milwaukee","7":"product_cat-abbigliamento","8":"product_cat-accessori-per-labbigliamento","9":"product_tag-import-milwau","10":"sws-conto-ricavi-merci-rivendita-macchinari-de","11":"sws-gruppo-iva-iva81-de","13":"first","14":"onbackorder","15":"shipping-taxable","16":"purchasable","17":"product-type-simple"},"_links":{"self":[{"href":"https:\/\/lucacastelli.com\/de\/wp-json\/wp\/v2\/product\/603901","targetHints":{"allow":["GET"]}}],"collection":[{"href":"https:\/\/lucacastelli.com\/de\/wp-json\/wp\/v2\/product"}],"about":[{"href":"https:\/\/lucacastelli.com\/de\/wp-json\/wp\/v2\/types\/product"}],"wp:featuredmedia":[{"embeddable":true,"href":"https:\/\/lucacastelli.com\/de\/wp-json\/wp\/v2\/media\/565496"}],"wp:attachment":[{"href":"https:\/\/lucacastelli.com\/de\/wp-json\/wp\/v2\/media?parent=603901"}],"wp:term":[{"taxonomy":"product_brand","embeddable":true,"href":"https:\/\/lucacastelli.com\/de\/wp-json\/wp\/v2\/product_brand?post=603901"},{"taxonomy":"product_cat","embeddable":true,"href":"https:\/\/lucacastelli.com\/de\/wp-json\/wp\/v2\/product_cat?post=603901"},{"taxonomy":"product_tag","embeddable":true,"href":"https:\/\/lucacastelli.com\/de\/wp-json\/wp\/v2\/product_tag?post=603901"}],"curies":[{"name":"wp","href":"https:\/\/api.w.org\/{rel}","templated":true}]}}