{"id":603892,"date":"2025-08-07T19:57:40","date_gmt":"2025-08-07T17:57:40","guid":{"rendered":"https:\/\/lucacastelli.com\/prodotto\/milwaukee-wintermuetze-3\/"},"modified":"2025-08-07T19:57:40","modified_gmt":"2025-08-07T17:57:40","slug":"milwaukee-wintermuetze-3","status":"publish","type":"product","link":"https:\/\/lucacastelli.com\/de\/produkt\/milwaukee-wintermuetze-3\/","title":{"rendered":"Milwaukee Winterm\u00fctze"},"content":{"rendered":"<p>BNIRD WINTER BERRET RED<br \/>\nBequeme M\u00fctze, die vor kalten Umgebungen sch\u00fctzt; Fleece gef\u00fcttert f\u00fcr Komfort und Windschutz; 98% Polyester, 2% Spandex-Konstruktion widersteht dem Verheddern und hilft, Schwitzen und \u00dcberhitzung zu verhindern<\/p>\n<p>4932493111<br \/>\n4058546479824<\/p>\n","protected":false},"excerpt":{"rendered":"<p>BNIRD ROTE WINTERM\u00dcTZE<\/p>\n","protected":false},"featured_media":560454,"template":"","meta":{"_seopress_robots_primary_cat":"","_seopress_titles_title":"","_seopress_titles_desc":"","_seopress_robots_index":""},"product_brand":[3656],"product_cat":[82,1391],"product_tag":[3272],"class_list":{"0":"post-603892","1":"product","2":"type-product","3":"status-publish","4":"has-post-thumbnail","6":"product_brand-milwaukee-de","7":"product_cat-kleidung","8":"product_cat-bekleidungs-accessoires","9":"product_tag-import-milwau-de","10":"sws-conto-ricavi-merci-rivendita-macchinari-de","11":"sws-gruppo-iva-iva81-de","13":"first","14":"instock","15":"shipping-taxable","16":"purchasable","17":"product-type-simple"},"_links":{"self":[{"href":"https:\/\/lucacastelli.com\/de\/wp-json\/wp\/v2\/product\/603892","targetHints":{"allow":["GET"]}}],"collection":[{"href":"https:\/\/lucacastelli.com\/de\/wp-json\/wp\/v2\/product"}],"about":[{"href":"https:\/\/lucacastelli.com\/de\/wp-json\/wp\/v2\/types\/product"}],"wp:featuredmedia":[{"embeddable":true,"href":"https:\/\/lucacastelli.com\/de\/wp-json\/wp\/v2\/media\/560454"}],"wp:attachment":[{"href":"https:\/\/lucacastelli.com\/de\/wp-json\/wp\/v2\/media?parent=603892"}],"wp:term":[{"taxonomy":"product_brand","embeddable":true,"href":"https:\/\/lucacastelli.com\/de\/wp-json\/wp\/v2\/product_brand?post=603892"},{"taxonomy":"product_cat","embeddable":true,"href":"https:\/\/lucacastelli.com\/de\/wp-json\/wp\/v2\/product_cat?post=603892"},{"taxonomy":"product_tag","embeddable":true,"href":"https:\/\/lucacastelli.com\/de\/wp-json\/wp\/v2\/product_tag?post=603892"}],"curies":[{"name":"wp","href":"https:\/\/api.w.org\/{rel}","templated":true}]}}