{"id":603885,"date":"2025-08-07T15:42:41","date_gmt":"2025-08-07T13:42:41","guid":{"rendered":"https:\/\/lucacastelli.com\/prodotto\/milwaukee-baseballkappe-4\/"},"modified":"2025-08-07T15:42:41","modified_gmt":"2025-08-07T13:42:41","slug":"milwaukee-baseballkappe-4","status":"publish","type":"product","link":"https:\/\/lucacastelli.com\/de\/produkt\/milwaukee-baseballkappe-4\/","title":{"rendered":"MILWAUKEE BASEBALLKAPPE"},"content":{"rendered":"<p>BCSR- L\/XL RED BASEBALL HAT<br \/>\nLeichtes Gewicht zum Schutz vor der Sonne, am oder au\u00dferhalb des Arbeitsplatzes;UV-Schutz vor den sch\u00e4dlichen Sonnenstrahlen UPF 50+ gem\u00e4\u00df EN 13758-1<\/p>\n<p>4932493100<br \/>\n4058546479718<\/p>\n","protected":false},"excerpt":{"rendered":"<p>BCSR- L\/XL ROTE BASEBALLKAPPE<\/p>\n","protected":false},"featured_media":560280,"template":"","meta":{"_seopress_robots_primary_cat":"","_seopress_titles_title":"","_seopress_titles_desc":"","_seopress_robots_index":""},"product_brand":[3407],"product_cat":[21,186],"product_tag":[3270],"class_list":{"0":"post-603885","1":"product","2":"type-product","3":"status-publish","4":"has-post-thumbnail","6":"product_brand-milwaukee","7":"product_cat-abbigliamento","8":"product_cat-accessori-per-labbigliamento","9":"product_tag-import-milwau","10":"sws-conto-ricavi-merci-rivendita-macchinari-de","11":"sws-gruppo-iva-iva81-de","13":"first","14":"onbackorder","15":"shipping-taxable","16":"purchasable","17":"product-type-simple"},"_links":{"self":[{"href":"https:\/\/lucacastelli.com\/de\/wp-json\/wp\/v2\/product\/603885","targetHints":{"allow":["GET"]}}],"collection":[{"href":"https:\/\/lucacastelli.com\/de\/wp-json\/wp\/v2\/product"}],"about":[{"href":"https:\/\/lucacastelli.com\/de\/wp-json\/wp\/v2\/types\/product"}],"wp:featuredmedia":[{"embeddable":true,"href":"https:\/\/lucacastelli.com\/de\/wp-json\/wp\/v2\/media\/560280"}],"wp:attachment":[{"href":"https:\/\/lucacastelli.com\/de\/wp-json\/wp\/v2\/media?parent=603885"}],"wp:term":[{"taxonomy":"product_brand","embeddable":true,"href":"https:\/\/lucacastelli.com\/de\/wp-json\/wp\/v2\/product_brand?post=603885"},{"taxonomy":"product_cat","embeddable":true,"href":"https:\/\/lucacastelli.com\/de\/wp-json\/wp\/v2\/product_cat?post=603885"},{"taxonomy":"product_tag","embeddable":true,"href":"https:\/\/lucacastelli.com\/de\/wp-json\/wp\/v2\/product_tag?post=603885"}],"curies":[{"name":"wp","href":"https:\/\/api.w.org\/{rel}","templated":true}]}}